{"id":239,"date":"2025-04-06T15:14:13","date_gmt":"2025-04-06T13:14:13","guid":{"rendered":"https:\/\/www.colorwand.sk\/?page_id=239"},"modified":"2025-10-07T21:20:02","modified_gmt":"2025-10-07T19:20:02","slug":"elementor-239","status":"publish","type":"page","link":"https:\/\/www.colorwand.sk\/","title":{"rendered":"COLOR WAND LOBBY"},"content":{"rendered":"\t\t<div data-elementor-type=\"wp-page\" data-elementor-id=\"239\" class=\"elementor elementor-239\" data-elementor-settings=\"{&quot;ha_cmc_init_switcher&quot;:&quot;no&quot;}\" data-elementor-post-type=\"page\">\n\t\t\t\t<div data-particle_enable=\"false\" data-particle-mobile-disabled=\"false\" class=\"elementor-element elementor-element-4e13a28 e-con-full e-flex e-con e-parent\" data-id=\"4e13a28\" data-element_type=\"container\" data-e-type=\"container\" data-settings=\"{&quot;background_background&quot;:&quot;classic&quot;,&quot;_ha_eqh_enable&quot;:false}\">\n\t\t\t\t<div class=\"elementor-element elementor-element-e216643 elementor-widget elementor-widget-heading\" data-id=\"e216643\" data-element_type=\"widget\" data-e-type=\"widget\" data-widget_type=\"heading.default\">\n\t\t\t\t<div class=\"elementor-widget-container\">\n\t\t\t\t\t<h2 class=\"elementor-heading-title elementor-size-default\">K\u00fazlo marketingu a reklamy<br>v ka\u017edej farbe!<\/h2>\t\t\t\t<\/div>\n\t\t\t\t<\/div>\n\t\t\t\t<div class=\"elementor-element elementor-element-b0aec2c elementor-widget elementor-widget-heading\" data-id=\"b0aec2c\" data-element_type=\"widget\" data-e-type=\"widget\" data-widget_type=\"heading.default\">\n\t\t\t\t<div class=\"elementor-widget-container\">\n\t\t\t\t\t<h2 class=\"elementor-heading-title elementor-size-default\">Sme reklamn\u00e1 agent\u00fara s rozsiahlym portf\u00f3liom slu\u017eieb,<br>ktor\u00e9 pokryj\u00fa potreby aj najn\u00e1ro\u010dnej\u0161\u00edch klientov.\n<div><br><\/div><\/h2>\t\t\t\t<\/div>\n\t\t\t\t<\/div>\n\t\t\t\t<div class=\"elementor-element elementor-element-9991afa elementor-widget elementor-widget-image\" data-id=\"9991afa\" data-element_type=\"widget\" data-e-type=\"widget\" data-widget_type=\"image.default\">\n\t\t\t\t<div class=\"elementor-widget-container\">\n\t\t\t\t\t\t\t\t\t\t\t\t\t\t\t<img fetchpriority=\"high\" decoding=\"async\" width=\"525\" height=\"174\" src=\"https:\/\/www.colorwand.sk\/wp-content\/uploads\/2025\/04\/bodky.png\" class=\"attachment-large size-large wp-image-366\" alt=\"\" srcset=\"https:\/\/www.colorwand.sk\/wp-content\/uploads\/2025\/04\/bodky.png 525w, https:\/\/www.colorwand.sk\/wp-content\/uploads\/2025\/04\/bodky-300x99.png 300w\" sizes=\"(max-width: 525px) 100vw, 525px\" \/>\t\t\t\t\t\t\t\t\t\t\t\t\t\t\t<\/div>\n\t\t\t\t<\/div>\n\t\t\t\t<div class=\"elementor-element elementor-element-710ffb7 elementor-widget elementor-widget-image\" data-id=\"710ffb7\" data-element_type=\"widget\" data-e-type=\"widget\" data-widget_type=\"image.default\">\n\t\t\t\t<div class=\"elementor-widget-container\">\n\t\t\t\t\t\t\t\t\t\t\t\t\t\t\t<img decoding=\"async\" width=\"5906\" height=\"656\" src=\"https:\/\/www.colorwand.sk\/wp-content\/uploads\/2025\/04\/Colorwand-white.png\" class=\"attachment-full size-full wp-image-324\" alt=\"\" srcset=\"https:\/\/www.colorwand.sk\/wp-content\/uploads\/2025\/04\/Colorwand-white.png 5906w, https:\/\/www.colorwand.sk\/wp-content\/uploads\/2025\/04\/Colorwand-white-300x33.png 300w, https:\/\/www.colorwand.sk\/wp-content\/uploads\/2025\/04\/Colorwand-white-1024x114.png 1024w, https:\/\/www.colorwand.sk\/wp-content\/uploads\/2025\/04\/Colorwand-white-768x85.png 768w, https:\/\/www.colorwand.sk\/wp-content\/uploads\/2025\/04\/Colorwand-white-1536x171.png 1536w, https:\/\/www.colorwand.sk\/wp-content\/uploads\/2025\/04\/Colorwand-white-2048x227.png 2048w\" sizes=\"(max-width: 5906px) 100vw, 5906px\" \/>\t\t\t\t\t\t\t\t\t\t\t\t\t\t\t<\/div>\n\t\t\t\t<\/div>\n\t\t\t\t<\/div>\n\t\t<div data-particle_enable=\"false\" data-particle-mobile-disabled=\"false\" class=\"elementor-element elementor-element-df55db4 e-con-full e-flex e-con e-parent\" data-id=\"df55db4\" data-element_type=\"container\" data-e-type=\"container\" data-settings=\"{&quot;background_background&quot;:&quot;classic&quot;,&quot;_ha_eqh_enable&quot;:false}\">\n\t\t<div data-particle_enable=\"false\" data-particle-mobile-disabled=\"false\" class=\"elementor-element elementor-element-805b7a3 e-con-full e-flex e-con e-child\" data-id=\"805b7a3\" data-element_type=\"container\" data-e-type=\"container\" data-settings=\"{&quot;_ha_eqh_enable&quot;:false}\">\n\t\t\t\t<div class=\"elementor-element elementor-element-e54ea7d elementor-widget elementor-widget-heading\" data-id=\"e54ea7d\" data-element_type=\"widget\" data-e-type=\"widget\" data-widget_type=\"heading.default\">\n\t\t\t\t<div class=\"elementor-widget-container\">\n\t\t\t\t\t<h2 class=\"elementor-heading-title elementor-size-default\">Na\u0161e propaga\u010dn\u00e9<br>a marketingov\u00e9<br>slu\u017eby<span style=\"color:#2364ad;letter-spacing: 0px\">.<\/span><br>\n<\/h2>\t\t\t\t<\/div>\n\t\t\t\t<\/div>\n\t\t\t\t<\/div>\n\t\t<div data-particle_enable=\"false\" data-particle-mobile-disabled=\"false\" class=\"elementor-element elementor-element-cfc51e6 e-con-full e-flex e-con e-child\" data-id=\"cfc51e6\" data-element_type=\"container\" data-e-type=\"container\" data-settings=\"{&quot;_ha_eqh_enable&quot;:false}\">\n\t\t\t\t<div class=\"elementor-element elementor-element-49e11b6 elementor-widget elementor-widget-image\" data-id=\"49e11b6\" data-element_type=\"widget\" data-e-type=\"widget\" data-widget_type=\"image.default\">\n\t\t\t\t<div class=\"elementor-widget-container\">\n\t\t\t\t\t\t\t\t\t\t\t\t\t\t\t<img decoding=\"async\" width=\"3500\" height=\"2300\" src=\"https:\/\/www.colorwand.sk\/wp-content\/uploads\/2025\/04\/FAREBNE.png\" class=\"attachment-full size-full wp-image-399\" alt=\"\" srcset=\"https:\/\/www.colorwand.sk\/wp-content\/uploads\/2025\/04\/FAREBNE.png 3500w, https:\/\/www.colorwand.sk\/wp-content\/uploads\/2025\/04\/FAREBNE-300x197.png 300w, https:\/\/www.colorwand.sk\/wp-content\/uploads\/2025\/04\/FAREBNE-1024x673.png 1024w, https:\/\/www.colorwand.sk\/wp-content\/uploads\/2025\/04\/FAREBNE-768x505.png 768w, https:\/\/www.colorwand.sk\/wp-content\/uploads\/2025\/04\/FAREBNE-1536x1009.png 1536w, https:\/\/www.colorwand.sk\/wp-content\/uploads\/2025\/04\/FAREBNE-2048x1346.png 2048w\" sizes=\"(max-width: 3500px) 100vw, 3500px\" \/>\t\t\t\t\t\t\t\t\t\t\t\t\t\t\t<\/div>\n\t\t\t\t<\/div>\n\t\t\t\t<\/div>\n\t\t<div data-particle_enable=\"false\" data-particle-mobile-disabled=\"false\" class=\"elementor-element elementor-element-3852999 e-con-full e-flex e-con e-child\" data-id=\"3852999\" data-element_type=\"container\" data-e-type=\"container\" data-settings=\"{&quot;_ha_eqh_enable&quot;:false}\">\n\t\t\t\t<div class=\"elementor-element elementor-element-bbb917e elementor-widget__width-initial elementor-widget elementor-widget-button\" data-id=\"bbb917e\" data-element_type=\"widget\" data-e-type=\"widget\" data-widget_type=\"button.default\">\n\t\t\t\t<div class=\"elementor-widget-container\">\n\t\t\t\t\t\t\t\t\t<div class=\"elementor-button-wrapper\">\n\t\t\t\t\t<a class=\"elementor-button elementor-button-link elementor-size-sm\" href=\"#\">\n\t\t\t\t\t\t<span class=\"elementor-button-content-wrapper\">\n\t\t\t\t\t\t\t\t\t<span class=\"elementor-button-text\">ZORAZI\u0164 VIAC<\/span>\n\t\t\t\t\t<\/span>\n\t\t\t\t\t<\/a>\n\t\t\t\t<\/div>\n\t\t\t\t\t\t\t\t<\/div>\n\t\t\t\t<\/div>\n\t\t\t\t<\/div>\n\t\t\t\t<\/div>\n\t\t<div data-particle_enable=\"false\" data-particle-mobile-disabled=\"false\" class=\"elementor-element elementor-element-5da628d e-con-full e-flex e-con e-parent\" data-id=\"5da628d\" data-element_type=\"container\" data-e-type=\"container\" data-settings=\"{&quot;background_background&quot;:&quot;classic&quot;,&quot;_ha_eqh_enable&quot;:false}\">\n\t\t<div data-particle_enable=\"false\" data-particle-mobile-disabled=\"false\" class=\"elementor-element elementor-element-b5dd68b e-con-full e-flex e-con e-child\" data-id=\"b5dd68b\" data-element_type=\"container\" data-e-type=\"container\" data-settings=\"{&quot;_ha_eqh_enable&quot;:false}\">\n\t\t\t\t<div class=\"elementor-element elementor-element-bdc7f63 elementor-button-align-stretch elementor-widget elementor-widget-form\" data-id=\"bdc7f63\" data-element_type=\"widget\" data-e-type=\"widget\" data-settings=\"{&quot;step_next_label&quot;:&quot;\\u010eal\\u0161ie&quot;,&quot;step_previous_label&quot;:&quot;Predo\\u0161l\\u00e9&quot;,&quot;ha_floating_fx&quot;:&quot;yes&quot;,&quot;button_width&quot;:&quot;100&quot;,&quot;step_type&quot;:&quot;number_text&quot;,&quot;step_icon_shape&quot;:&quot;circle&quot;}\" data-widget_type=\"form.default\">\n\t\t\t\t<div class=\"elementor-widget-container\">\n\t\t\t\t\t\t\t<form class=\"elementor-form\" method=\"post\" name=\"New Form\" aria-label=\"New Form\">\n\t\t\t<input type=\"hidden\" name=\"post_id\" value=\"239\"\/>\n\t\t\t<input type=\"hidden\" name=\"form_id\" value=\"bdc7f63\"\/>\n\t\t\t<input type=\"hidden\" name=\"referer_title\" value=\"\" \/>\n\n\t\t\t\t\t\t\t<input type=\"hidden\" name=\"queried_id\" value=\"239\"\/>\n\t\t\t\n\t\t\t<div class=\"elementor-form-fields-wrapper elementor-labels-above\">\n\t\t\t\t\t\t\t\t<div class=\"elementor-field-type-text elementor-field-group elementor-column elementor-field-group-name elementor-col-100\">\n\t\t\t\t\t\t\t\t\t\t\t\t<label for=\"form-field-name\" class=\"elementor-field-label\">\n\t\t\t\t\t\t\t\tMeno\t\t\t\t\t\t\t<\/label>\n\t\t\t\t\t\t\t\t\t\t\t\t\t\t<input size=\"1\" type=\"text\" name=\"form_fields[name]\" id=\"form-field-name\" class=\"elementor-field elementor-size-sm  elementor-field-textual\" placeholder=\"Meno\">\n\t\t\t\t\t\t\t\t\t\t\t<\/div>\n\t\t\t\t\t\t\t\t<div class=\"elementor-field-type-email elementor-field-group elementor-column elementor-field-group-email elementor-col-100 elementor-field-required\">\n\t\t\t\t\t\t\t\t\t\t\t\t<label for=\"form-field-email\" class=\"elementor-field-label\">\n\t\t\t\t\t\t\t\tEmail\t\t\t\t\t\t\t<\/label>\n\t\t\t\t\t\t\t\t\t\t\t\t\t\t<input size=\"1\" type=\"email\" name=\"form_fields[email]\" id=\"form-field-email\" class=\"elementor-field elementor-size-sm  elementor-field-textual\" placeholder=\"Email\" required=\"required\">\n\t\t\t\t\t\t\t\t\t\t\t<\/div>\n\t\t\t\t\t\t\t\t<div class=\"elementor-field-type-textarea elementor-field-group elementor-column elementor-field-group-message elementor-col-100\">\n\t\t\t\t\t\t\t\t\t\t\t\t<label for=\"form-field-message\" class=\"elementor-field-label\">\n\t\t\t\t\t\t\t\tSpr\u00e1va\t\t\t\t\t\t\t<\/label>\n\t\t\t\t\t\t<textarea class=\"elementor-field-textual elementor-field  elementor-size-sm\" name=\"form_fields[message]\" id=\"form-field-message\" rows=\"4\" placeholder=\"Spr\u00e1va\"><\/textarea>\t\t\t\t<\/div>\n\t\t\t\t\t\t\t\t<div class=\"elementor-field-group elementor-column elementor-field-type-submit elementor-col-100 e-form__buttons\">\n\t\t\t\t\t<button class=\"elementor-button elementor-size-sm\" type=\"submit\">\n\t\t\t\t\t\t<span class=\"elementor-button-content-wrapper\">\n\t\t\t\t\t\t\t\t\t\t\t\t\t\t\t\t\t\t\t\t\t\t<span class=\"elementor-button-text\">Odosla\u0165<\/span>\n\t\t\t\t\t\t\t\t\t\t\t\t\t<\/span>\n\t\t\t\t\t<\/button>\n\t\t\t\t<\/div>\n\t\t\t<\/div>\n\t\t<\/form>\n\t\t\t\t\t\t<\/div>\n\t\t\t\t<\/div>\n\t\t\t\t<\/div>\n\t\t<div data-particle_enable=\"false\" data-particle-mobile-disabled=\"false\" class=\"elementor-element elementor-element-edd4076 e-con-full e-flex e-con e-child\" data-id=\"edd4076\" data-element_type=\"container\" data-e-type=\"container\" data-settings=\"{&quot;_ha_eqh_enable&quot;:false}\">\n\t\t\t\t<div class=\"elementor-element elementor-element-64e9916 elementor-widget elementor-widget-heading\" data-id=\"64e9916\" data-element_type=\"widget\" data-e-type=\"widget\" data-widget_type=\"heading.default\">\n\t\t\t\t<div class=\"elementor-widget-container\">\n\t\t\t\t\t<h2 class=\"elementor-heading-title elementor-size-default\">nev\u00e1hajte n\u00e1s kontaktova\u0165<\/h2>\t\t\t\t<\/div>\n\t\t\t\t<\/div>\n\t\t\t\t<\/div>\n\t\t\t\t<\/div>\n\t\t\t\t<\/div>\n\t\t","protected":false},"excerpt":{"rendered":"<p>K\u00fazlo marketingu a reklamyv ka\u017edej farbe! Sme reklamn\u00e1 agent\u00fara s rozsiahlym portf\u00f3liom slu\u017eieb,ktor\u00e9 pokryj\u00fa potreby aj najn\u00e1ro\u010dnej\u0161\u00edch klientov. Na\u0161e propaga\u010dn\u00e9a marketingov\u00e9slu\u017eby. ZORAZI\u0164 VIAC nev\u00e1hajte n\u00e1s kontaktova\u0165<\/p>\n","protected":false},"author":1,"featured_media":0,"parent":0,"menu_order":0,"comment_status":"closed","ping_status":"closed","template":"","meta":{"footnotes":""},"class_list":["post-239","page","type-page","status-publish","hentry"],"_links":{"self":[{"href":"https:\/\/www.colorwand.sk\/index.php\/wp-json\/wp\/v2\/pages\/239","targetHints":{"allow":["GET"]}}],"collection":[{"href":"https:\/\/www.colorwand.sk\/index.php\/wp-json\/wp\/v2\/pages"}],"about":[{"href":"https:\/\/www.colorwand.sk\/index.php\/wp-json\/wp\/v2\/types\/page"}],"author":[{"embeddable":true,"href":"https:\/\/www.colorwand.sk\/index.php\/wp-json\/wp\/v2\/users\/1"}],"replies":[{"embeddable":true,"href":"https:\/\/www.colorwand.sk\/index.php\/wp-json\/wp\/v2\/comments?post=239"}],"version-history":[{"count":160,"href":"https:\/\/www.colorwand.sk\/index.php\/wp-json\/wp\/v2\/pages\/239\/revisions"}],"predecessor-version":[{"id":794,"href":"https:\/\/www.colorwand.sk\/index.php\/wp-json\/wp\/v2\/pages\/239\/revisions\/794"}],"wp:attachment":[{"href":"https:\/\/www.colorwand.sk\/index.php\/wp-json\/wp\/v2\/media?parent=239"}],"curies":[{"name":"wp","href":"https:\/\/api.w.org\/{rel}","templated":true}]}}