{"id":449,"date":"2025-04-09T11:57:24","date_gmt":"2025-04-09T09:57:24","guid":{"rendered":"https:\/\/www.colorwand.sk\/?page_id=449"},"modified":"2025-10-07T21:39:55","modified_gmt":"2025-10-07T19:39:55","slug":"kontakt","status":"publish","type":"page","link":"https:\/\/www.colorwand.sk\/index.php\/kontakt\/","title":{"rendered":"KONTAKT"},"content":{"rendered":"\t\t<div data-elementor-type=\"wp-page\" data-elementor-id=\"449\" class=\"elementor elementor-449\" data-elementor-settings=\"{&quot;ha_cmc_init_switcher&quot;:&quot;no&quot;}\" data-elementor-post-type=\"page\">\n\t\t\t\t<div data-particle_enable=\"false\" data-particle-mobile-disabled=\"false\" class=\"elementor-element elementor-element-b9d7905 e-flex e-con-boxed e-con e-parent\" data-id=\"b9d7905\" data-element_type=\"container\" data-e-type=\"container\" data-settings=\"{&quot;background_background&quot;:&quot;classic&quot;,&quot;_ha_eqh_enable&quot;:false}\">\n\t\t\t\t\t<div class=\"e-con-inner\">\n\t\t<div data-particle_enable=\"false\" data-particle-mobile-disabled=\"false\" class=\"elementor-element elementor-element-899e715 e-con-full e-flex e-con e-child\" data-id=\"899e715\" data-element_type=\"container\" data-e-type=\"container\" data-settings=\"{&quot;_ha_eqh_enable&quot;:false}\">\n\t\t\t\t<div class=\"elementor-element elementor-element-191dc88 elementor-widget elementor-widget-heading\" data-id=\"191dc88\" data-element_type=\"widget\" data-e-type=\"widget\" data-widget_type=\"heading.default\">\n\t\t\t\t<div class=\"elementor-widget-container\">\n\t\t\t\t\t<h2 class=\"elementor-heading-title elementor-size-default\">kontakt<\/h2>\t\t\t\t<\/div>\n\t\t\t\t<\/div>\n\t\t\t\t<div class=\"elementor-element elementor-element-4a005d2 elementor-widget elementor-widget-heading\" data-id=\"4a005d2\" data-element_type=\"widget\" data-e-type=\"widget\" data-widget_type=\"heading.default\">\n\t\t\t\t<div class=\"elementor-widget-container\">\n\t\t\t\t\t<h2 class=\"elementor-heading-title elementor-size-default\">S\u00eddlo<br> <span style=\"font-family: 'Popins', Light\">HLAVN\u00c1 533\/72, 082 56 PE\u010dOVSK\u00c1 NOV\u00c1 VES<\/span><br>\n<span data-elementor-setting-key=\"title\" data-pen-placeholder=\"P\u00ed\u0161te tu...\"><br>MAIL<br> <span style=\"font-family: 'Popins', Light\">INFO@COLORWAND.SK<\/span><br><\/span><br>mobil<br><span style=\"font-family: 'Popins', Light\">+421 915 337 750<\/span><br><span data-elementor-setting-key=\"title\" data-pen-placeholder=\"P\u00ed\u0161te tu...\"><br>i\u010do<br><\/span><font face=\"Popins, Light\">53704291<\/font><br><br><span data-elementor-setting-key=\"title\" data-pen-placeholder=\"P\u00ed\u0161te tu...\"><span data-elementor-setting-key=\"title\" data-pen-placeholder=\"P\u00ed\u0161te tu...\">di\u010d<br><\/span><font face=\"Popins, Light\">21214466710<\/font><br><\/span><span data-elementor-setting-key=\"title\" data-pen-placeholder=\"P\u00ed\u0161te tu...\"><span data-elementor-setting-key=\"title\" data-pen-placeholder=\"P\u00ed\u0161te tu...\"><span data-elementor-setting-key=\"title\" data-pen-placeholder=\"P\u00ed\u0161te tu...\"><br>i\u010d Dph<br><\/span><font face=\"Popins, Light\">sk21214466710<\/font><br><\/span><\/span><\/h2>\t\t\t\t<\/div>\n\t\t\t\t<\/div>\n\t\t\t\t<\/div>\n\t\t<div data-particle_enable=\"false\" data-particle-mobile-disabled=\"false\" class=\"elementor-element elementor-element-226554f e-con-full e-flex e-con e-child\" data-id=\"226554f\" data-element_type=\"container\" data-e-type=\"container\" data-settings=\"{&quot;_ha_eqh_enable&quot;:false}\">\n\t\t\t\t<div class=\"elementor-element elementor-element-187211a elementor-widget elementor-widget-google_maps\" data-id=\"187211a\" data-element_type=\"widget\" data-e-type=\"widget\" data-widget_type=\"google_maps.default\">\n\t\t\t\t<div class=\"elementor-widget-container\">\n\t\t\t\t\t\t\t<div class=\"elementor-custom-embed\">\n\t\t\t<iframe loading=\"lazy\"\n\t\t\t\t\tsrc=\"https:\/\/maps.google.com\/maps?q=Hlavn%C3%A1%20533%2F72%2C%20082%2056%20Pe%C4%8Dovsk%C3%A1%20Nov%C3%A1%20Ves&#038;t=m&#038;z=17&#038;output=embed&#038;iwloc=near\"\n\t\t\t\t\ttitle=\"Hlavn\u00e1 533\/72, 082 56 Pe\u010dovsk\u00e1 Nov\u00e1 Ves\"\n\t\t\t\t\taria-label=\"Hlavn\u00e1 533\/72, 082 56 Pe\u010dovsk\u00e1 Nov\u00e1 Ves\"\n\t\t\t><\/iframe>\n\t\t<\/div>\n\t\t\t\t\t\t<\/div>\n\t\t\t\t<\/div>\n\t\t\t\t<\/div>\n\t\t\t\t\t<\/div>\n\t\t\t\t<\/div>\n\t\t<div data-particle_enable=\"false\" data-particle-mobile-disabled=\"false\" class=\"elementor-element elementor-element-234318a e-flex e-con-boxed e-con e-parent\" data-id=\"234318a\" data-element_type=\"container\" data-e-type=\"container\" data-settings=\"{&quot;background_background&quot;:&quot;classic&quot;,&quot;_ha_eqh_enable&quot;:false}\">\n\t\t\t\t\t<div class=\"e-con-inner\">\n\t\t<div data-particle_enable=\"false\" data-particle-mobile-disabled=\"false\" class=\"elementor-element elementor-element-5980205c e-con-full e-flex e-con e-child\" data-id=\"5980205c\" data-element_type=\"container\" data-e-type=\"container\" data-settings=\"{&quot;_ha_eqh_enable&quot;:false}\">\n\t\t\t\t<div class=\"elementor-element elementor-element-4cf75fb4 elementor-button-align-stretch elementor-widget elementor-widget-form\" data-id=\"4cf75fb4\" data-element_type=\"widget\" data-e-type=\"widget\" data-settings=\"{&quot;step_next_label&quot;:&quot;\\u010eal\\u0161ie&quot;,&quot;step_previous_label&quot;:&quot;Predo\\u0161l\\u00e9&quot;,&quot;button_width&quot;:&quot;100&quot;,&quot;step_type&quot;:&quot;number_text&quot;,&quot;step_icon_shape&quot;:&quot;circle&quot;}\" data-widget_type=\"form.default\">\n\t\t\t\t<div class=\"elementor-widget-container\">\n\t\t\t\t\t\t\t<form class=\"elementor-form\" method=\"post\" name=\"New Form\" aria-label=\"New Form\">\n\t\t\t<input type=\"hidden\" name=\"post_id\" value=\"449\"\/>\n\t\t\t<input type=\"hidden\" name=\"form_id\" value=\"4cf75fb4\"\/>\n\t\t\t<input type=\"hidden\" name=\"referer_title\" value=\"KONTAKT\" \/>\n\n\t\t\t\t\t\t\t<input type=\"hidden\" name=\"queried_id\" value=\"449\"\/>\n\t\t\t\n\t\t\t<div class=\"elementor-form-fields-wrapper elementor-labels-above\">\n\t\t\t\t\t\t\t\t<div class=\"elementor-field-type-text elementor-field-group elementor-column elementor-field-group-name elementor-col-100\">\n\t\t\t\t\t\t\t\t\t\t\t\t<label for=\"form-field-name\" class=\"elementor-field-label\">\n\t\t\t\t\t\t\t\tMeno\t\t\t\t\t\t\t<\/label>\n\t\t\t\t\t\t\t\t\t\t\t\t\t\t<input size=\"1\" type=\"text\" name=\"form_fields[name]\" id=\"form-field-name\" class=\"elementor-field elementor-size-sm  elementor-field-textual\" placeholder=\"Meno\">\n\t\t\t\t\t\t\t\t\t\t\t<\/div>\n\t\t\t\t\t\t\t\t<div class=\"elementor-field-type-email elementor-field-group elementor-column elementor-field-group-email elementor-col-100 elementor-field-required\">\n\t\t\t\t\t\t\t\t\t\t\t\t<label for=\"form-field-email\" class=\"elementor-field-label\">\n\t\t\t\t\t\t\t\tEmail\t\t\t\t\t\t\t<\/label>\n\t\t\t\t\t\t\t\t\t\t\t\t\t\t<input size=\"1\" type=\"email\" name=\"form_fields[email]\" id=\"form-field-email\" class=\"elementor-field elementor-size-sm  elementor-field-textual\" placeholder=\"Email\" required=\"required\">\n\t\t\t\t\t\t\t\t\t\t\t<\/div>\n\t\t\t\t\t\t\t\t<div class=\"elementor-field-type-textarea elementor-field-group elementor-column elementor-field-group-message elementor-col-100\">\n\t\t\t\t\t\t\t\t\t\t\t\t<label for=\"form-field-message\" class=\"elementor-field-label\">\n\t\t\t\t\t\t\t\tSpr\u00e1va\t\t\t\t\t\t\t<\/label>\n\t\t\t\t\t\t<textarea class=\"elementor-field-textual elementor-field  elementor-size-sm\" name=\"form_fields[message]\" id=\"form-field-message\" rows=\"4\" placeholder=\"Spr\u00e1va\"><\/textarea>\t\t\t\t<\/div>\n\t\t\t\t\t\t\t\t<div class=\"elementor-field-group elementor-column elementor-field-type-submit elementor-col-100 e-form__buttons\">\n\t\t\t\t\t<button class=\"elementor-button elementor-size-sm\" type=\"submit\">\n\t\t\t\t\t\t<span class=\"elementor-button-content-wrapper\">\n\t\t\t\t\t\t\t\t\t\t\t\t\t\t\t\t\t\t\t\t\t\t<span class=\"elementor-button-text\">Posla\u0165<\/span>\n\t\t\t\t\t\t\t\t\t\t\t\t\t<\/span>\n\t\t\t\t\t<\/button>\n\t\t\t\t<\/div>\n\t\t\t<\/div>\n\t\t<\/form>\n\t\t\t\t\t\t<\/div>\n\t\t\t\t<\/div>\n\t\t\t\t<\/div>\n\t\t<div data-particle_enable=\"false\" data-particle-mobile-disabled=\"false\" class=\"elementor-element elementor-element-70b4bf5b e-con-full e-flex e-con e-child\" data-id=\"70b4bf5b\" data-element_type=\"container\" data-e-type=\"container\" data-settings=\"{&quot;_ha_eqh_enable&quot;:false}\">\n\t\t\t\t<div class=\"elementor-element elementor-element-3979a9da elementor-widget elementor-widget-heading\" data-id=\"3979a9da\" data-element_type=\"widget\" data-e-type=\"widget\" data-widget_type=\"heading.default\">\n\t\t\t\t<div class=\"elementor-widget-container\">\n\t\t\t\t\t<h2 class=\"elementor-heading-title elementor-size-default\">nev\u00e1hajte n\u00e1s kontaktova\u0165<\/h2>\t\t\t\t<\/div>\n\t\t\t\t<\/div>\n\t\t\t\t<\/div>\n\t\t\t\t\t<\/div>\n\t\t\t\t<\/div>\n\t\t\t\t<\/div>\n\t\t","protected":false},"excerpt":{"rendered":"<p>kontakt S\u00eddlo HLAVN\u00c1 533\/72, 082 56 PE\u010dOVSK\u00c1 NOV\u00c1 VES MAIL INFO@COLORWAND.SK mobil+421 915 337 750 i\u010do53704291 di\u010d21214466710 i\u010d Dphsk21214466710 nev\u00e1hajte n\u00e1s kontaktova\u0165<\/p>\n","protected":false},"author":1,"featured_media":0,"parent":0,"menu_order":0,"comment_status":"closed","ping_status":"closed","template":"","meta":{"footnotes":""},"class_list":["post-449","page","type-page","status-publish","hentry"],"_links":{"self":[{"href":"https:\/\/www.colorwand.sk\/index.php\/wp-json\/wp\/v2\/pages\/449","targetHints":{"allow":["GET"]}}],"collection":[{"href":"https:\/\/www.colorwand.sk\/index.php\/wp-json\/wp\/v2\/pages"}],"about":[{"href":"https:\/\/www.colorwand.sk\/index.php\/wp-json\/wp\/v2\/types\/page"}],"author":[{"embeddable":true,"href":"https:\/\/www.colorwand.sk\/index.php\/wp-json\/wp\/v2\/users\/1"}],"replies":[{"embeddable":true,"href":"https:\/\/www.colorwand.sk\/index.php\/wp-json\/wp\/v2\/comments?post=449"}],"version-history":[{"count":44,"href":"https:\/\/www.colorwand.sk\/index.php\/wp-json\/wp\/v2\/pages\/449\/revisions"}],"predecessor-version":[{"id":802,"href":"https:\/\/www.colorwand.sk\/index.php\/wp-json\/wp\/v2\/pages\/449\/revisions\/802"}],"wp:attachment":[{"href":"https:\/\/www.colorwand.sk\/index.php\/wp-json\/wp\/v2\/media?parent=449"}],"curies":[{"name":"wp","href":"https:\/\/api.w.org\/{rel}","templated":true}]}}