{"id":529,"date":"2025-04-09T14:37:31","date_gmt":"2025-04-09T12:37:31","guid":{"rendered":"https:\/\/www.colorwand.sk\/?page_id=529"},"modified":"2025-04-16T15:16:10","modified_gmt":"2025-04-16T13:16:10","slug":"web","status":"publish","type":"page","link":"https:\/\/www.colorwand.sk\/index.php\/web\/","title":{"rendered":"WEB"},"content":{"rendered":"\t\t<div data-elementor-type=\"wp-page\" data-elementor-id=\"529\" class=\"elementor elementor-529\" data-elementor-settings=\"{&quot;ha_cmc_init_switcher&quot;:&quot;no&quot;}\" data-elementor-post-type=\"page\">\n\t\t\t\t<div data-particle_enable=\"false\" data-particle-mobile-disabled=\"false\" class=\"elementor-element elementor-element-2283b93c e-flex e-con-boxed e-con e-parent\" data-id=\"2283b93c\" data-element_type=\"container\" data-e-type=\"container\" data-settings=\"{&quot;background_background&quot;:&quot;classic&quot;,&quot;_ha_eqh_enable&quot;:false}\">\n\t\t\t\t\t<div class=\"e-con-inner\">\n\t\t<div data-particle_enable=\"false\" data-particle-mobile-disabled=\"false\" class=\"elementor-element elementor-element-64b3b8ea e-con-full e-flex e-con e-child\" data-id=\"64b3b8ea\" data-element_type=\"container\" data-e-type=\"container\" data-settings=\"{&quot;_ha_eqh_enable&quot;:false}\">\n\t\t\t\t<div class=\"elementor-element elementor-element-ae8963b elementor-widget elementor-widget-heading\" data-id=\"ae8963b\" data-element_type=\"widget\" data-e-type=\"widget\" data-widget_type=\"heading.default\">\n\t\t\t\t<div class=\"elementor-widget-container\">\n\t\t\t\t\t<h2 class=\"elementor-heading-title elementor-size-default\">Weby na mieru\n<\/h2>\t\t\t\t<\/div>\n\t\t\t\t<\/div>\n\t\t\t\t<div class=\"elementor-element elementor-element-61a4cbe8 elementor-widget elementor-widget-heading\" data-id=\"61a4cbe8\" data-element_type=\"widget\" data-e-type=\"widget\" data-widget_type=\"heading.default\">\n\t\t\t\t<div class=\"elementor-widget-container\">\n\t\t\t\t\t<h2 class=\"elementor-heading-title elementor-size-default\">Chcete, aby v\u00e1\u0161 podnik vynikal v digit\u00e1lnom svete?\nPredstavte si, \u017ee va\u0161a firma je ako hviezda na no\u010dnej oblohe. Ako sa m\u00f4\u017eete dosta\u0165 do popredia medzi tis\u00edckami in\u00fdch hviezd?\nOdpove\u010f je jednoduch\u00e1<br>web a online marketing.<\/h2>\t\t\t\t<\/div>\n\t\t\t\t<\/div>\n\t\t\t\t<\/div>\n\t\t<div data-particle_enable=\"false\" data-particle-mobile-disabled=\"false\" class=\"elementor-element elementor-element-29d45b3 e-con-full e-flex e-con e-child\" data-id=\"29d45b3\" data-element_type=\"container\" data-e-type=\"container\" data-settings=\"{&quot;_ha_eqh_enable&quot;:false}\">\n\t\t\t\t<div class=\"elementor-element elementor-element-3f14884 elementor-widget elementor-widget-image\" data-id=\"3f14884\" data-element_type=\"widget\" data-e-type=\"widget\" data-widget_type=\"image.default\">\n\t\t\t\t<div class=\"elementor-widget-container\">\n\t\t\t\t\t\t\t\t\t\t\t\t\t\t\t<img fetchpriority=\"high\" decoding=\"async\" width=\"6000\" height=\"4000\" src=\"https:\/\/www.colorwand.sk\/wp-content\/uploads\/2025\/04\/Macbook-Pro-M1-Sides-04-copy.png\" class=\"attachment-full size-full wp-image-539\" alt=\"\" srcset=\"https:\/\/www.colorwand.sk\/wp-content\/uploads\/2025\/04\/Macbook-Pro-M1-Sides-04-copy.png 6000w, https:\/\/www.colorwand.sk\/wp-content\/uploads\/2025\/04\/Macbook-Pro-M1-Sides-04-copy-300x200.png 300w, https:\/\/www.colorwand.sk\/wp-content\/uploads\/2025\/04\/Macbook-Pro-M1-Sides-04-copy-1024x683.png 1024w, https:\/\/www.colorwand.sk\/wp-content\/uploads\/2025\/04\/Macbook-Pro-M1-Sides-04-copy-768x512.png 768w, https:\/\/www.colorwand.sk\/wp-content\/uploads\/2025\/04\/Macbook-Pro-M1-Sides-04-copy-1536x1024.png 1536w, https:\/\/www.colorwand.sk\/wp-content\/uploads\/2025\/04\/Macbook-Pro-M1-Sides-04-copy-2048x1365.png 2048w\" sizes=\"(max-width: 6000px) 100vw, 6000px\" \/>\t\t\t\t\t\t\t\t\t\t\t\t\t\t\t<\/div>\n\t\t\t\t<\/div>\n\t\t\t\t<\/div>\n\t\t\t\t\t<\/div>\n\t\t\t\t<\/div>\n\t\t<div data-particle_enable=\"false\" data-particle-mobile-disabled=\"false\" class=\"elementor-element elementor-element-bf30a7c e-flex e-con-boxed e-con e-parent\" data-id=\"bf30a7c\" data-element_type=\"container\" data-e-type=\"container\" data-settings=\"{&quot;background_background&quot;:&quot;classic&quot;,&quot;_ha_eqh_enable&quot;:false}\">\n\t\t\t\t\t<div class=\"e-con-inner\">\n\t\t<div data-particle_enable=\"false\" data-particle-mobile-disabled=\"false\" class=\"elementor-element elementor-element-beaf4e7 e-con-full e-flex e-con e-child\" data-id=\"beaf4e7\" data-element_type=\"container\" data-e-type=\"container\" data-settings=\"{&quot;_ha_eqh_enable&quot;:false}\">\n\t\t\t\t<div class=\"elementor-element elementor-element-8abc47b elementor-widget elementor-widget-heading\" data-id=\"8abc47b\" data-element_type=\"widget\" data-e-type=\"widget\" data-widget_type=\"heading.default\">\n\t\t\t\t<div class=\"elementor-widget-container\">\n\t\t\t\t\t<h2 class=\"elementor-heading-title elementor-size-default\">pre\u010do my?<\/h2>\t\t\t\t<\/div>\n\t\t\t\t<\/div>\n\t\t\t\t<\/div>\n\t\t<div data-particle_enable=\"false\" data-particle-mobile-disabled=\"false\" class=\"elementor-element elementor-element-462ff44 e-con-full e-flex e-con e-child\" data-id=\"462ff44\" data-element_type=\"container\" data-e-type=\"container\" data-settings=\"{&quot;_ha_eqh_enable&quot;:false}\">\n\t\t\t\t<div class=\"elementor-element elementor-element-b680dd7 elementor-widget__width-initial elementor-widget elementor-widget-heading\" data-id=\"b680dd7\" data-element_type=\"widget\" data-e-type=\"widget\" data-widget_type=\"heading.default\">\n\t\t\t\t<div class=\"elementor-widget-container\">\n\t\t\t\t\t<h2 class=\"elementor-heading-title elementor-size-default\">Web alebo e-shop, ktor\u00fd zaujme, pritiahne z\u00e1kazn\u00edkov a zv\u00fd\u0161i obrat \u2013 vy sa m\u00f4\u017eete s\u00fastredi\u0165 na svoj biznis.<\/h2>\t\t\t\t<\/div>\n\t\t\t\t<\/div>\n\t\t\t\t<\/div>\n\t\t<div data-particle_enable=\"false\" data-particle-mobile-disabled=\"false\" class=\"elementor-element elementor-element-7bf593a e-con-full e-flex e-con e-child\" data-id=\"7bf593a\" data-element_type=\"container\" data-e-type=\"container\" data-settings=\"{&quot;_ha_eqh_enable&quot;:false}\">\n\t\t\t\t<div class=\"elementor-element elementor-element-b516d0d elementor-widget elementor-widget-image\" data-id=\"b516d0d\" data-element_type=\"widget\" data-e-type=\"widget\" data-widget_type=\"image.default\">\n\t\t\t\t<div class=\"elementor-widget-container\">\n\t\t\t\t\t\t\t\t\t\t\t\t\t\t\t<img decoding=\"async\" width=\"2560\" height=\"407\" src=\"https:\/\/www.colorwand.sk\/wp-content\/uploads\/2025\/04\/marcel-krsny-otec-scaled.png\" class=\"attachment-full size-full wp-image-589\" alt=\"\" srcset=\"https:\/\/www.colorwand.sk\/wp-content\/uploads\/2025\/04\/marcel-krsny-otec-scaled.png 2560w, https:\/\/www.colorwand.sk\/wp-content\/uploads\/2025\/04\/marcel-krsny-otec-300x48.png 300w, https:\/\/www.colorwand.sk\/wp-content\/uploads\/2025\/04\/marcel-krsny-otec-1024x163.png 1024w, https:\/\/www.colorwand.sk\/wp-content\/uploads\/2025\/04\/marcel-krsny-otec-768x122.png 768w, https:\/\/www.colorwand.sk\/wp-content\/uploads\/2025\/04\/marcel-krsny-otec-1536x244.png 1536w, https:\/\/www.colorwand.sk\/wp-content\/uploads\/2025\/04\/marcel-krsny-otec-2048x326.png 2048w\" sizes=\"(max-width: 2560px) 100vw, 2560px\" \/>\t\t\t\t\t\t\t\t\t\t\t\t\t\t\t<\/div>\n\t\t\t\t<\/div>\n\t\t\t\t<\/div>\n\t\t\t\t\t<\/div>\n\t\t\t\t<\/div>\n\t\t<div data-particle_enable=\"false\" data-particle-mobile-disabled=\"false\" class=\"elementor-element elementor-element-413a26dd e-flex e-con-boxed e-con e-parent\" data-id=\"413a26dd\" data-element_type=\"container\" data-e-type=\"container\" data-settings=\"{&quot;background_background&quot;:&quot;classic&quot;,&quot;_ha_eqh_enable&quot;:false}\">\n\t\t\t\t\t<div class=\"e-con-inner\">\n\t\t<div data-particle_enable=\"false\" data-particle-mobile-disabled=\"false\" class=\"elementor-element elementor-element-794bd219 e-con-full e-flex e-con e-child\" data-id=\"794bd219\" data-element_type=\"container\" data-e-type=\"container\" data-settings=\"{&quot;_ha_eqh_enable&quot;:false}\">\n\t\t\t\t<div class=\"elementor-element elementor-element-11eef3a elementor-widget elementor-widget-heading\" data-id=\"11eef3a\" data-element_type=\"widget\" data-e-type=\"widget\" data-widget_type=\"heading.default\">\n\t\t\t\t<div class=\"elementor-widget-container\">\n\t\t\t\t\t<h2 class=\"elementor-heading-title elementor-size-default\">Ne\u010dakajte, k\u00fdm v\u00e1s predbehne konkurencia.  \nZa\u010dnite s webom a online marketingom e\u0161te dnes a z\u00edskajte n\u00e1skok.  \nOzvite sa n\u00e1m a priprav\u00edme rie\u0161enie na mieru, ktor\u00e9 pom\u00f4\u017ee va\u0161ej firme vynikn\u00fa\u0165.<\/h2>\t\t\t\t<\/div>\n\t\t\t\t<\/div>\n\t\t\t\t<\/div>\n\t\t<div data-particle_enable=\"false\" data-particle-mobile-disabled=\"false\" class=\"elementor-element elementor-element-431700d7 e-con-full e-flex e-con e-child\" data-id=\"431700d7\" data-element_type=\"container\" data-e-type=\"container\" data-settings=\"{&quot;_ha_eqh_enable&quot;:false}\">\n\t\t\t\t<div class=\"elementor-element elementor-element-1a5db32 elementor-widget elementor-widget-image\" data-id=\"1a5db32\" data-element_type=\"widget\" data-e-type=\"widget\" data-widget_type=\"image.default\">\n\t\t\t\t<div class=\"elementor-widget-container\">\n\t\t\t\t\t\t\t\t\t\t\t\t\t\t\t<img decoding=\"async\" width=\"800\" height=\"534\" src=\"https:\/\/www.colorwand.sk\/wp-content\/uploads\/2025\/04\/web-1024x683.png\" class=\"attachment-large size-large wp-image-567\" alt=\"\" srcset=\"https:\/\/www.colorwand.sk\/wp-content\/uploads\/2025\/04\/web-1024x683.png 1024w, https:\/\/www.colorwand.sk\/wp-content\/uploads\/2025\/04\/web-300x200.png 300w, https:\/\/www.colorwand.sk\/wp-content\/uploads\/2025\/04\/web-768x512.png 768w, https:\/\/www.colorwand.sk\/wp-content\/uploads\/2025\/04\/web-1536x1024.png 1536w, https:\/\/www.colorwand.sk\/wp-content\/uploads\/2025\/04\/web-2048x1365.png 2048w\" sizes=\"(max-width: 800px) 100vw, 800px\" \/>\t\t\t\t\t\t\t\t\t\t\t\t\t\t\t<\/div>\n\t\t\t\t<\/div>\n\t\t\t\t<\/div>\n\t\t\t\t\t<\/div>\n\t\t\t\t<\/div>\n\t\t<div data-particle_enable=\"false\" data-particle-mobile-disabled=\"false\" class=\"elementor-element elementor-element-ac60752 e-flex e-con-boxed e-con e-parent\" data-id=\"ac60752\" data-element_type=\"container\" data-e-type=\"container\" data-settings=\"{&quot;background_background&quot;:&quot;classic&quot;,&quot;_ha_eqh_enable&quot;:false}\">\n\t\t\t\t\t<div class=\"e-con-inner\">\n\t\t<div data-particle_enable=\"false\" data-particle-mobile-disabled=\"false\" class=\"elementor-element elementor-element-71e465a e-con-full e-flex e-con e-child\" data-id=\"71e465a\" data-element_type=\"container\" data-e-type=\"container\" data-settings=\"{&quot;_ha_eqh_enable&quot;:false}\">\n\t\t\t\t<div class=\"elementor-element elementor-element-e9c1410 elementor-widget elementor-widget-heading\" data-id=\"e9c1410\" data-element_type=\"widget\" data-e-type=\"widget\" data-widget_type=\"heading.default\">\n\t\t\t\t<div class=\"elementor-widget-container\">\n\t\t\t\t\t<h2 class=\"elementor-heading-title elementor-size-default\">gal\u00e9ria<\/h2>\t\t\t\t<\/div>\n\t\t\t\t<\/div>\n\t\t\t\t<\/div>\n\t\t<div data-particle_enable=\"false\" data-particle-mobile-disabled=\"false\" class=\"elementor-element elementor-element-6426156 e-con-full e-flex e-con e-child\" data-id=\"6426156\" data-element_type=\"container\" data-e-type=\"container\" data-settings=\"{&quot;_ha_eqh_enable&quot;:false}\">\n\t\t\t\t<\/div>\n\t\t\t\t<div class=\"elementor-element elementor-element-a233199 elementor-widget elementor-widget-gallery\" data-id=\"a233199\" data-element_type=\"widget\" data-e-type=\"widget\" data-settings=\"{&quot;columns&quot;:3,&quot;gap&quot;:{&quot;unit&quot;:&quot;px&quot;,&quot;size&quot;:7,&quot;sizes&quot;:[]},&quot;lazyload&quot;:&quot;yes&quot;,&quot;gallery_layout&quot;:&quot;grid&quot;,&quot;columns_tablet&quot;:2,&quot;columns_mobile&quot;:1,&quot;gap_tablet&quot;:{&quot;unit&quot;:&quot;px&quot;,&quot;size&quot;:10,&quot;sizes&quot;:[]},&quot;gap_mobile&quot;:{&quot;unit&quot;:&quot;px&quot;,&quot;size&quot;:10,&quot;sizes&quot;:[]},&quot;link_to&quot;:&quot;file&quot;,&quot;aspect_ratio&quot;:&quot;3:2&quot;,&quot;overlay_background&quot;:&quot;yes&quot;,&quot;content_hover_animation&quot;:&quot;fade-in&quot;}\" data-widget_type=\"gallery.default\">\n\t\t\t\t<div class=\"elementor-widget-container\">\n\t\t\t\t\t\t\t<div class=\"elementor-gallery__container\">\n\t\t\t\t\t\t\t<a class=\"e-gallery-item elementor-gallery-item elementor-animated-content\" href=\"https:\/\/www.colorwand.sk\/wp-content\/uploads\/2025\/03\/2_Home_Online_Training-AboutUs-Img_3.jpg\" data-elementor-open-lightbox=\"yes\" data-elementor-lightbox-slideshow=\"a233199\" data-elementor-lightbox-title=\"2_Home_Online_Training-AboutUs-Img_3.jpg\" data-e-action-hash=\"#elementor-action%3Aaction%3Dlightbox%26settings%3DeyJpZCI6MjE4LCJ1cmwiOiJodHRwczpcL1wvd3d3LmNvbG9yd2FuZC5za1wvd3AtY29udGVudFwvdXBsb2Fkc1wvMjAyNVwvMDNcLzJfSG9tZV9PbmxpbmVfVHJhaW5pbmctQWJvdXRVcy1JbWdfMy5qcGciLCJzbGlkZXNob3ciOiJhMjMzMTk5In0%3D\">\n\t\t\t\t\t<div class=\"e-gallery-image elementor-gallery-item__image\" data-thumbnail=\"https:\/\/www.colorwand.sk\/wp-content\/uploads\/2025\/03\/2_Home_Online_Training-AboutUs-Img_3-300x132.jpg\" data-width=\"300\" data-height=\"132\" aria-label=\"\" role=\"img\" ><\/div>\n\t\t\t\t\t\t\t\t\t\t\t<div class=\"elementor-gallery-item__overlay\"><\/div>\n\t\t\t\t\t\t\t\t\t\t\t\t\t\t<\/a>\n\t\t\t\t\t\t\t<a class=\"e-gallery-item elementor-gallery-item elementor-animated-content\" href=\"https:\/\/www.colorwand.sk\/wp-content\/uploads\/2025\/03\/2_Home_Online_Training-AboutUs-Img_2.jpg\" data-elementor-open-lightbox=\"yes\" data-elementor-lightbox-slideshow=\"a233199\" data-elementor-lightbox-title=\"2_Home_Online_Training-AboutUs-Img_2.jpg\" data-e-action-hash=\"#elementor-action%3Aaction%3Dlightbox%26settings%3DeyJpZCI6MjE3LCJ1cmwiOiJodHRwczpcL1wvd3d3LmNvbG9yd2FuZC5za1wvd3AtY29udGVudFwvdXBsb2Fkc1wvMjAyNVwvMDNcLzJfSG9tZV9PbmxpbmVfVHJhaW5pbmctQWJvdXRVcy1JbWdfMi5qcGciLCJzbGlkZXNob3ciOiJhMjMzMTk5In0%3D\">\n\t\t\t\t\t<div class=\"e-gallery-image elementor-gallery-item__image\" data-thumbnail=\"https:\/\/www.colorwand.sk\/wp-content\/uploads\/2025\/03\/2_Home_Online_Training-AboutUs-Img_2-300x132.jpg\" data-width=\"300\" data-height=\"132\" aria-label=\"\" role=\"img\" ><\/div>\n\t\t\t\t\t\t\t\t\t\t\t<div class=\"elementor-gallery-item__overlay\"><\/div>\n\t\t\t\t\t\t\t\t\t\t\t\t\t\t<\/a>\n\t\t\t\t\t\t\t<a class=\"e-gallery-item elementor-gallery-item elementor-animated-content\" href=\"https:\/\/www.colorwand.sk\/wp-content\/uploads\/2025\/03\/2_Home_Online_Training-AboutUs-Img_1.jpg\" data-elementor-open-lightbox=\"yes\" data-elementor-lightbox-slideshow=\"a233199\" data-elementor-lightbox-title=\"2_Home_Online_Training-AboutUs-Img_1.jpg\" data-e-action-hash=\"#elementor-action%3Aaction%3Dlightbox%26settings%3DeyJpZCI6MjE2LCJ1cmwiOiJodHRwczpcL1wvd3d3LmNvbG9yd2FuZC5za1wvd3AtY29udGVudFwvdXBsb2Fkc1wvMjAyNVwvMDNcLzJfSG9tZV9PbmxpbmVfVHJhaW5pbmctQWJvdXRVcy1JbWdfMS5qcGciLCJzbGlkZXNob3ciOiJhMjMzMTk5In0%3D\">\n\t\t\t\t\t<div class=\"e-gallery-image elementor-gallery-item__image\" data-thumbnail=\"https:\/\/www.colorwand.sk\/wp-content\/uploads\/2025\/03\/2_Home_Online_Training-AboutUs-Img_1-300x132.jpg\" data-width=\"300\" data-height=\"132\" aria-label=\"\" role=\"img\" ><\/div>\n\t\t\t\t\t\t\t\t\t\t\t<div class=\"elementor-gallery-item__overlay\"><\/div>\n\t\t\t\t\t\t\t\t\t\t\t\t\t\t<\/a>\n\t\t\t\t\t\t\t<a class=\"e-gallery-item elementor-gallery-item elementor-animated-content\" href=\"https:\/\/www.colorwand.sk\/wp-content\/uploads\/2025\/03\/2_Home_Online_Training-Classes_1.jpg\" data-elementor-open-lightbox=\"yes\" data-elementor-lightbox-slideshow=\"a233199\" data-elementor-lightbox-title=\"2_Home_Online_Training-Classes_1.jpg\" data-e-action-hash=\"#elementor-action%3Aaction%3Dlightbox%26settings%3DeyJpZCI6MjEzLCJ1cmwiOiJodHRwczpcL1wvd3d3LmNvbG9yd2FuZC5za1wvd3AtY29udGVudFwvdXBsb2Fkc1wvMjAyNVwvMDNcLzJfSG9tZV9PbmxpbmVfVHJhaW5pbmctQ2xhc3Nlc18xLmpwZyIsInNsaWRlc2hvdyI6ImEyMzMxOTkifQ%3D%3D\">\n\t\t\t\t\t<div class=\"e-gallery-image elementor-gallery-item__image\" data-thumbnail=\"https:\/\/www.colorwand.sk\/wp-content\/uploads\/2025\/03\/2_Home_Online_Training-Classes_1-281x300.jpg\" data-width=\"281\" data-height=\"300\" aria-label=\"\" role=\"img\" ><\/div>\n\t\t\t\t\t\t\t\t\t\t\t<div class=\"elementor-gallery-item__overlay\"><\/div>\n\t\t\t\t\t\t\t\t\t\t\t\t\t\t<\/a>\n\t\t\t\t\t\t\t<a class=\"e-gallery-item elementor-gallery-item elementor-animated-content\" href=\"https:\/\/www.colorwand.sk\/wp-content\/uploads\/2025\/03\/2_Home_Online_Training-Classes_2.jpg\" data-elementor-open-lightbox=\"yes\" data-elementor-lightbox-slideshow=\"a233199\" data-elementor-lightbox-title=\"2_Home_Online_Training-Classes_2.jpg\" data-e-action-hash=\"#elementor-action%3Aaction%3Dlightbox%26settings%3DeyJpZCI6MjE0LCJ1cmwiOiJodHRwczpcL1wvd3d3LmNvbG9yd2FuZC5za1wvd3AtY29udGVudFwvdXBsb2Fkc1wvMjAyNVwvMDNcLzJfSG9tZV9PbmxpbmVfVHJhaW5pbmctQ2xhc3Nlc18yLmpwZyIsInNsaWRlc2hvdyI6ImEyMzMxOTkifQ%3D%3D\">\n\t\t\t\t\t<div class=\"e-gallery-image elementor-gallery-item__image\" data-thumbnail=\"https:\/\/www.colorwand.sk\/wp-content\/uploads\/2025\/03\/2_Home_Online_Training-Classes_2-281x300.jpg\" data-width=\"281\" data-height=\"300\" aria-label=\"\" role=\"img\" ><\/div>\n\t\t\t\t\t\t\t\t\t\t\t<div class=\"elementor-gallery-item__overlay\"><\/div>\n\t\t\t\t\t\t\t\t\t\t\t\t\t\t<\/a>\n\t\t\t\t\t\t\t<a class=\"e-gallery-item elementor-gallery-item elementor-animated-content\" href=\"https:\/\/www.colorwand.sk\/wp-content\/uploads\/2025\/03\/2_Home_Online_Training-Classes_3.jpg\" data-elementor-open-lightbox=\"yes\" data-elementor-lightbox-slideshow=\"a233199\" data-elementor-lightbox-title=\"2_Home_Online_Training-Classes_3.jpg\" data-e-action-hash=\"#elementor-action%3Aaction%3Dlightbox%26settings%3DeyJpZCI6MjE1LCJ1cmwiOiJodHRwczpcL1wvd3d3LmNvbG9yd2FuZC5za1wvd3AtY29udGVudFwvdXBsb2Fkc1wvMjAyNVwvMDNcLzJfSG9tZV9PbmxpbmVfVHJhaW5pbmctQ2xhc3Nlc18zLmpwZyIsInNsaWRlc2hvdyI6ImEyMzMxOTkifQ%3D%3D\">\n\t\t\t\t\t<div class=\"e-gallery-image elementor-gallery-item__image\" data-thumbnail=\"https:\/\/www.colorwand.sk\/wp-content\/uploads\/2025\/03\/2_Home_Online_Training-Classes_3-281x300.jpg\" data-width=\"281\" data-height=\"300\" aria-label=\"\" role=\"img\" ><\/div>\n\t\t\t\t\t\t\t\t\t\t\t<div class=\"elementor-gallery-item__overlay\"><\/div>\n\t\t\t\t\t\t\t\t\t\t\t\t\t\t<\/a>\n\t\t\t\t\t<\/div>\n\t\t\t\t\t<\/div>\n\t\t\t\t<\/div>\n\t\t\t\t\t<\/div>\n\t\t\t\t<\/div>\n\t\t\t\t<\/div>\n\t\t","protected":false},"excerpt":{"rendered":"<p>Weby na mieru Chcete, aby v\u00e1\u0161 podnik vynikal v digit\u00e1lnom svete? Predstavte si, \u017ee va\u0161a firma je ako hviezda na no\u010dnej oblohe. Ako sa m\u00f4\u017eete dosta\u0165 do popredia medzi tis\u00edckami in\u00fdch hviezd? Odpove\u010f je jednoduch\u00e1web a online marketing. pre\u010do my? Web alebo e-shop, ktor\u00fd zaujme, pritiahne z\u00e1kazn\u00edkov a zv\u00fd\u0161i obrat \u2013 vy sa m\u00f4\u017eete s\u00fastredi\u0165 [&hellip;]<\/p>\n","protected":false},"author":1,"featured_media":0,"parent":0,"menu_order":0,"comment_status":"closed","ping_status":"closed","template":"","meta":{"footnotes":""},"class_list":["post-529","page","type-page","status-publish","hentry"],"_links":{"self":[{"href":"https:\/\/www.colorwand.sk\/index.php\/wp-json\/wp\/v2\/pages\/529","targetHints":{"allow":["GET"]}}],"collection":[{"href":"https:\/\/www.colorwand.sk\/index.php\/wp-json\/wp\/v2\/pages"}],"about":[{"href":"https:\/\/www.colorwand.sk\/index.php\/wp-json\/wp\/v2\/types\/page"}],"author":[{"embeddable":true,"href":"https:\/\/www.colorwand.sk\/index.php\/wp-json\/wp\/v2\/users\/1"}],"replies":[{"embeddable":true,"href":"https:\/\/www.colorwand.sk\/index.php\/wp-json\/wp\/v2\/comments?post=529"}],"version-history":[{"count":37,"href":"https:\/\/www.colorwand.sk\/index.php\/wp-json\/wp\/v2\/pages\/529\/revisions"}],"predecessor-version":[{"id":598,"href":"https:\/\/www.colorwand.sk\/index.php\/wp-json\/wp\/v2\/pages\/529\/revisions\/598"}],"wp:attachment":[{"href":"https:\/\/www.colorwand.sk\/index.php\/wp-json\/wp\/v2\/media?parent=529"}],"curies":[{"name":"wp","href":"https:\/\/api.w.org\/{rel}","templated":true}]}}