{"id":638,"date":"2025-04-23T09:43:50","date_gmt":"2025-04-23T07:43:50","guid":{"rendered":"https:\/\/www.colorwand.sk\/?page_id=638"},"modified":"2025-04-24T15:05:56","modified_gmt":"2025-04-24T13:05:56","slug":"graficky-design","status":"publish","type":"page","link":"https:\/\/www.colorwand.sk\/index.php\/graficky-design\/","title":{"rendered":"GRAFICKY DESIGN"},"content":{"rendered":"\t\t<div data-elementor-type=\"wp-page\" data-elementor-id=\"638\" class=\"elementor elementor-638\" data-elementor-settings=\"{&quot;ha_cmc_init_switcher&quot;:&quot;no&quot;}\" data-elementor-post-type=\"page\">\n\t\t\t\t<div data-particle_enable=\"false\" data-particle-mobile-disabled=\"false\" class=\"elementor-element elementor-element-194be492 e-flex e-con-boxed e-con e-parent\" data-id=\"194be492\" data-element_type=\"container\" data-e-type=\"container\" data-settings=\"{&quot;background_background&quot;:&quot;classic&quot;,&quot;_ha_eqh_enable&quot;:false}\">\n\t\t\t\t\t<div class=\"e-con-inner\">\n\t\t<div data-particle_enable=\"false\" data-particle-mobile-disabled=\"false\" class=\"elementor-element elementor-element-6de94a6e e-con-full e-flex e-con e-child\" data-id=\"6de94a6e\" data-element_type=\"container\" data-e-type=\"container\" data-settings=\"{&quot;_ha_eqh_enable&quot;:false}\">\n\t\t\t\t<div class=\"elementor-element elementor-element-3842d9eb elementor-widget elementor-widget-heading\" data-id=\"3842d9eb\" data-element_type=\"widget\" data-e-type=\"widget\" data-widget_type=\"heading.default\">\n\t\t\t\t<div class=\"elementor-widget-container\">\n\t\t\t\t\t<h2 class=\"elementor-heading-title elementor-size-default\">grafick\u00fd dizajn<\/h2>\t\t\t\t<\/div>\n\t\t\t\t<\/div>\n\t\t\t\t<div class=\"elementor-element elementor-element-630a951e elementor-widget elementor-widget-heading\" data-id=\"630a951e\" data-element_type=\"widget\" data-e-type=\"widget\" data-widget_type=\"heading.default\">\n\t\t\t\t<div class=\"elementor-widget-container\">\n\t\t\t\t\t<h2 class=\"elementor-heading-title elementor-size-default\">Dajte svojej zna\u010dke \u017eivot a profesion\u00e1lny vzh\u013ead, ktor\u00fd zaujme.\nVyu\u017eite na\u0161u grafiku a n\u00e1vrhy. Va\u0161a \u0161anca za\u010d\u00edna teraz!<\/h2>\t\t\t\t<\/div>\n\t\t\t\t<\/div>\n\t\t\t\t<\/div>\n\t\t<div data-particle_enable=\"false\" data-particle-mobile-disabled=\"false\" class=\"elementor-element elementor-element-64a9f51c e-con-full e-flex e-con e-child\" data-id=\"64a9f51c\" data-element_type=\"container\" data-e-type=\"container\" data-settings=\"{&quot;_ha_eqh_enable&quot;:false}\">\n\t\t\t\t<div class=\"elementor-element elementor-element-2faf15a7 elementor-widget elementor-widget-image\" data-id=\"2faf15a7\" data-element_type=\"widget\" data-e-type=\"widget\" data-widget_type=\"image.default\">\n\t\t\t\t<div class=\"elementor-widget-container\">\n\t\t\t\t\t\t\t\t\t\t\t\t\t\t\t<img fetchpriority=\"high\" decoding=\"async\" width=\"2560\" height=\"1219\" src=\"https:\/\/www.colorwand.sk\/wp-content\/uploads\/2025\/04\/bez-scaled.png\" class=\"attachment-full size-full wp-image-647\" alt=\"\" srcset=\"https:\/\/www.colorwand.sk\/wp-content\/uploads\/2025\/04\/bez-scaled.png 2560w, https:\/\/www.colorwand.sk\/wp-content\/uploads\/2025\/04\/bez-300x143.png 300w, https:\/\/www.colorwand.sk\/wp-content\/uploads\/2025\/04\/bez-1024x488.png 1024w, https:\/\/www.colorwand.sk\/wp-content\/uploads\/2025\/04\/bez-768x366.png 768w, https:\/\/www.colorwand.sk\/wp-content\/uploads\/2025\/04\/bez-1536x732.png 1536w, https:\/\/www.colorwand.sk\/wp-content\/uploads\/2025\/04\/bez-2048x975.png 2048w\" sizes=\"(max-width: 2560px) 100vw, 2560px\" \/>\t\t\t\t\t\t\t\t\t\t\t\t\t\t\t<\/div>\n\t\t\t\t<\/div>\n\t\t\t\t<\/div>\n\t\t\t\t\t<\/div>\n\t\t\t\t<\/div>\n\t\t<div data-particle_enable=\"false\" data-particle-mobile-disabled=\"false\" class=\"elementor-element elementor-element-3b0c3763 e-flex e-con-boxed e-con e-parent\" data-id=\"3b0c3763\" data-element_type=\"container\" data-e-type=\"container\" data-settings=\"{&quot;background_background&quot;:&quot;classic&quot;,&quot;_ha_eqh_enable&quot;:false}\">\n\t\t\t\t\t<div class=\"e-con-inner\">\n\t\t<div data-particle_enable=\"false\" data-particle-mobile-disabled=\"false\" class=\"elementor-element elementor-element-34eb3265 e-con-full e-flex e-con e-child\" data-id=\"34eb3265\" data-element_type=\"container\" data-e-type=\"container\" data-settings=\"{&quot;_ha_eqh_enable&quot;:false}\">\n\t\t\t\t<div class=\"elementor-element elementor-element-58099577 elementor-widget__width-initial elementor-widget elementor-widget-heading\" data-id=\"58099577\" data-element_type=\"widget\" data-e-type=\"widget\" data-widget_type=\"heading.default\">\n\t\t\t\t<div class=\"elementor-widget-container\">\n\t\t\t\t\t<h2 class=\"elementor-heading-title elementor-size-default\">Na\u0161e slu\u017eby zah\u0155\u0148aj\u00fa grafick\u00e9 spracovanie loga, n\u00e1vrhy a vizualiz\u00e1ciu kone\u010dn\u00e9ho v\u00fdsledku. Na\u0161 grafik je pripraven\u00fd vytvori\u0165 pre v\u00e1s jedine\u010dn\u00fd a p\u00fatav\u00fd vizu\u00e1l, ktor\u00fd bude presne vyjadrova\u0165 hodnoty a charakteristiku va\u0161ej zna\u010dky.\u2028<\/h2>\t\t\t\t<\/div>\n\t\t\t\t<\/div>\n\t\t\t\t<\/div>\n\t\t<div data-particle_enable=\"false\" data-particle-mobile-disabled=\"false\" class=\"elementor-element elementor-element-4cdb3790 e-con-full e-flex e-con e-child\" data-id=\"4cdb3790\" data-element_type=\"container\" data-e-type=\"container\" data-settings=\"{&quot;_ha_eqh_enable&quot;:false}\">\n\t\t\t\t<div class=\"elementor-element elementor-element-b0bdcd8 elementor-widget__width-initial elementor-widget elementor-widget-heading\" data-id=\"b0bdcd8\" data-element_type=\"widget\" data-e-type=\"widget\" data-widget_type=\"heading.default\">\n\t\t\t\t<div class=\"elementor-widget-container\">\n\t\t\t\t\t<h2 class=\"elementor-heading-title elementor-size-default\">graphic design<\/h2>\t\t\t\t<\/div>\n\t\t\t\t<\/div>\n\t\t\t\t<\/div>\n\t\t\t\t\t<\/div>\n\t\t\t\t<\/div>\n\t\t<div data-particle_enable=\"false\" data-particle-mobile-disabled=\"false\" class=\"elementor-element elementor-element-3be0fcef e-flex e-con-boxed e-con e-parent\" data-id=\"3be0fcef\" data-element_type=\"container\" data-e-type=\"container\" data-settings=\"{&quot;background_background&quot;:&quot;classic&quot;,&quot;_ha_eqh_enable&quot;:false}\">\n\t\t\t\t\t<div class=\"e-con-inner\">\n\t\t<div data-particle_enable=\"false\" data-particle-mobile-disabled=\"false\" class=\"elementor-element elementor-element-bf4dc3c e-con-full e-flex e-con e-child\" data-id=\"bf4dc3c\" data-element_type=\"container\" data-e-type=\"container\" data-settings=\"{&quot;_ha_eqh_enable&quot;:false}\">\n\t\t\t\t<div class=\"elementor-element elementor-element-3228a08 elementor-widget elementor-widget-heading\" data-id=\"3228a08\" data-element_type=\"widget\" data-e-type=\"widget\" data-widget_type=\"heading.default\">\n\t\t\t\t<div class=\"elementor-widget-container\">\n\t\t\t\t\t<h2 class=\"elementor-heading-title elementor-size-default\">Za\u010dnite svoju vizu\u00e1lnu premenu dnes\n<\/h2>\t\t\t\t<\/div>\n\t\t\t\t<\/div>\n\t\t\t\t<div class=\"elementor-element elementor-element-53f4b471 elementor-widget elementor-widget-heading\" data-id=\"53f4b471\" data-element_type=\"widget\" data-e-type=\"widget\" data-widget_type=\"heading.default\">\n\t\t\t\t<div class=\"elementor-widget-container\">\n\t\t\t\t\t<h2 class=\"elementor-heading-title elementor-size-default\">Vytvor\u00edme v\u00e1m profesion\u00e1lny grafick\u00fd n\u00e1vrh, ktor\u00fd posunie va\u0161u zna\u010dku!\nKontaktujte n\u00e1s e\u0161te dnes a za\u010dneme spolu s premenou dizajnu, ktor\u00fd v\u00e1s bude reprezentova\u0165<\/h2>\t\t\t\t<\/div>\n\t\t\t\t<\/div>\n\t\t\t\t<\/div>\n\t\t<div data-particle_enable=\"false\" data-particle-mobile-disabled=\"false\" class=\"elementor-element elementor-element-475fd15b e-con-full e-flex e-con e-child\" data-id=\"475fd15b\" data-element_type=\"container\" data-e-type=\"container\" data-settings=\"{&quot;_ha_eqh_enable&quot;:false}\">\n\t\t\t\t<div class=\"elementor-element elementor-element-7fec8752 elementor-widget elementor-widget-image\" data-id=\"7fec8752\" data-element_type=\"widget\" data-e-type=\"widget\" data-widget_type=\"image.default\">\n\t\t\t\t<div class=\"elementor-widget-container\">\n\t\t\t\t\t\t\t\t\t\t\t\t\t\t\t<img decoding=\"async\" width=\"500\" height=\"500\" src=\"https:\/\/www.colorwand.sk\/wp-content\/uploads\/2024\/05\/favicon.png\" class=\"attachment-full size-full wp-image-285\" alt=\"\" srcset=\"https:\/\/www.colorwand.sk\/wp-content\/uploads\/2024\/05\/favicon.png 500w, https:\/\/www.colorwand.sk\/wp-content\/uploads\/2024\/05\/favicon-300x300.png 300w, https:\/\/www.colorwand.sk\/wp-content\/uploads\/2024\/05\/favicon-150x150.png 150w\" sizes=\"(max-width: 500px) 100vw, 500px\" \/>\t\t\t\t\t\t\t\t\t\t\t\t\t\t\t<\/div>\n\t\t\t\t<\/div>\n\t\t\t\t<\/div>\n\t\t\t\t\t<\/div>\n\t\t\t\t<\/div>\n\t\t<div data-particle_enable=\"false\" data-particle-mobile-disabled=\"false\" class=\"elementor-element elementor-element-23737065 e-flex e-con-boxed e-con e-parent\" data-id=\"23737065\" data-element_type=\"container\" data-e-type=\"container\" data-settings=\"{&quot;background_background&quot;:&quot;classic&quot;,&quot;_ha_eqh_enable&quot;:false}\">\n\t\t\t\t\t<div class=\"e-con-inner\">\n\t\t<div data-particle_enable=\"false\" data-particle-mobile-disabled=\"false\" class=\"elementor-element elementor-element-73514265 e-con-full e-flex e-con e-child\" data-id=\"73514265\" data-element_type=\"container\" data-e-type=\"container\" data-settings=\"{&quot;_ha_eqh_enable&quot;:false}\">\n\t\t\t\t<div class=\"elementor-element elementor-element-ff74355 elementor-widget elementor-widget-heading\" data-id=\"ff74355\" data-element_type=\"widget\" data-e-type=\"widget\" data-widget_type=\"heading.default\">\n\t\t\t\t<div class=\"elementor-widget-container\">\n\t\t\t\t\t<h2 class=\"elementor-heading-title elementor-size-default\">gal\u00e9ria<\/h2>\t\t\t\t<\/div>\n\t\t\t\t<\/div>\n\t\t\t\t<\/div>\n\t\t<div data-particle_enable=\"false\" data-particle-mobile-disabled=\"false\" class=\"elementor-element elementor-element-74071418 e-con-full e-flex e-con e-child\" data-id=\"74071418\" data-element_type=\"container\" data-e-type=\"container\" data-settings=\"{&quot;_ha_eqh_enable&quot;:false}\">\n\t\t\t\t<\/div>\n\t\t\t\t<div class=\"elementor-element elementor-element-4ca80336 elementor-widget elementor-widget-gallery\" data-id=\"4ca80336\" data-element_type=\"widget\" data-e-type=\"widget\" data-settings=\"{&quot;columns&quot;:3,&quot;gap&quot;:{&quot;unit&quot;:&quot;px&quot;,&quot;size&quot;:7,&quot;sizes&quot;:[]},&quot;lazyload&quot;:&quot;yes&quot;,&quot;gallery_layout&quot;:&quot;grid&quot;,&quot;columns_tablet&quot;:2,&quot;columns_mobile&quot;:1,&quot;gap_tablet&quot;:{&quot;unit&quot;:&quot;px&quot;,&quot;size&quot;:10,&quot;sizes&quot;:[]},&quot;gap_mobile&quot;:{&quot;unit&quot;:&quot;px&quot;,&quot;size&quot;:10,&quot;sizes&quot;:[]},&quot;link_to&quot;:&quot;file&quot;,&quot;aspect_ratio&quot;:&quot;3:2&quot;,&quot;overlay_background&quot;:&quot;yes&quot;,&quot;content_hover_animation&quot;:&quot;fade-in&quot;}\" data-widget_type=\"gallery.default\">\n\t\t\t\t<div class=\"elementor-widget-container\">\n\t\t\t\t\t\t\t<div class=\"elementor-gallery__container\">\n\t\t\t\t\t\t\t<a class=\"e-gallery-item elementor-gallery-item elementor-animated-content\" href=\"https:\/\/www.colorwand.sk\/wp-content\/uploads\/2025\/03\/2_Home_Online_Training-AboutUs-Img_3.jpg\" data-elementor-open-lightbox=\"yes\" data-elementor-lightbox-slideshow=\"4ca80336\" data-elementor-lightbox-title=\"2_Home_Online_Training-AboutUs-Img_3.jpg\" data-e-action-hash=\"#elementor-action%3Aaction%3Dlightbox%26settings%3DeyJpZCI6MjE4LCJ1cmwiOiJodHRwczpcL1wvd3d3LmNvbG9yd2FuZC5za1wvd3AtY29udGVudFwvdXBsb2Fkc1wvMjAyNVwvMDNcLzJfSG9tZV9PbmxpbmVfVHJhaW5pbmctQWJvdXRVcy1JbWdfMy5qcGciLCJzbGlkZXNob3ciOiI0Y2E4MDMzNiJ9\">\n\t\t\t\t\t<div class=\"e-gallery-image elementor-gallery-item__image\" data-thumbnail=\"https:\/\/www.colorwand.sk\/wp-content\/uploads\/2025\/03\/2_Home_Online_Training-AboutUs-Img_3-300x132.jpg\" data-width=\"300\" data-height=\"132\" aria-label=\"\" role=\"img\" ><\/div>\n\t\t\t\t\t\t\t\t\t\t\t<div class=\"elementor-gallery-item__overlay\"><\/div>\n\t\t\t\t\t\t\t\t\t\t\t\t\t\t<\/a>\n\t\t\t\t\t\t\t<a class=\"e-gallery-item elementor-gallery-item elementor-animated-content\" href=\"https:\/\/www.colorwand.sk\/wp-content\/uploads\/2025\/03\/2_Home_Online_Training-AboutUs-Img_2.jpg\" data-elementor-open-lightbox=\"yes\" data-elementor-lightbox-slideshow=\"4ca80336\" data-elementor-lightbox-title=\"2_Home_Online_Training-AboutUs-Img_2.jpg\" data-e-action-hash=\"#elementor-action%3Aaction%3Dlightbox%26settings%3DeyJpZCI6MjE3LCJ1cmwiOiJodHRwczpcL1wvd3d3LmNvbG9yd2FuZC5za1wvd3AtY29udGVudFwvdXBsb2Fkc1wvMjAyNVwvMDNcLzJfSG9tZV9PbmxpbmVfVHJhaW5pbmctQWJvdXRVcy1JbWdfMi5qcGciLCJzbGlkZXNob3ciOiI0Y2E4MDMzNiJ9\">\n\t\t\t\t\t<div class=\"e-gallery-image elementor-gallery-item__image\" data-thumbnail=\"https:\/\/www.colorwand.sk\/wp-content\/uploads\/2025\/03\/2_Home_Online_Training-AboutUs-Img_2-300x132.jpg\" data-width=\"300\" data-height=\"132\" aria-label=\"\" role=\"img\" ><\/div>\n\t\t\t\t\t\t\t\t\t\t\t<div class=\"elementor-gallery-item__overlay\"><\/div>\n\t\t\t\t\t\t\t\t\t\t\t\t\t\t<\/a>\n\t\t\t\t\t\t\t<a class=\"e-gallery-item elementor-gallery-item elementor-animated-content\" href=\"https:\/\/www.colorwand.sk\/wp-content\/uploads\/2025\/03\/2_Home_Online_Training-AboutUs-Img_1.jpg\" data-elementor-open-lightbox=\"yes\" data-elementor-lightbox-slideshow=\"4ca80336\" data-elementor-lightbox-title=\"2_Home_Online_Training-AboutUs-Img_1.jpg\" data-e-action-hash=\"#elementor-action%3Aaction%3Dlightbox%26settings%3DeyJpZCI6MjE2LCJ1cmwiOiJodHRwczpcL1wvd3d3LmNvbG9yd2FuZC5za1wvd3AtY29udGVudFwvdXBsb2Fkc1wvMjAyNVwvMDNcLzJfSG9tZV9PbmxpbmVfVHJhaW5pbmctQWJvdXRVcy1JbWdfMS5qcGciLCJzbGlkZXNob3ciOiI0Y2E4MDMzNiJ9\">\n\t\t\t\t\t<div class=\"e-gallery-image elementor-gallery-item__image\" data-thumbnail=\"https:\/\/www.colorwand.sk\/wp-content\/uploads\/2025\/03\/2_Home_Online_Training-AboutUs-Img_1-300x132.jpg\" data-width=\"300\" data-height=\"132\" aria-label=\"\" role=\"img\" ><\/div>\n\t\t\t\t\t\t\t\t\t\t\t<div class=\"elementor-gallery-item__overlay\"><\/div>\n\t\t\t\t\t\t\t\t\t\t\t\t\t\t<\/a>\n\t\t\t\t\t\t\t<a class=\"e-gallery-item elementor-gallery-item elementor-animated-content\" href=\"https:\/\/www.colorwand.sk\/wp-content\/uploads\/2025\/03\/2_Home_Online_Training-Classes_1.jpg\" data-elementor-open-lightbox=\"yes\" data-elementor-lightbox-slideshow=\"4ca80336\" data-elementor-lightbox-title=\"2_Home_Online_Training-Classes_1.jpg\" data-e-action-hash=\"#elementor-action%3Aaction%3Dlightbox%26settings%3DeyJpZCI6MjEzLCJ1cmwiOiJodHRwczpcL1wvd3d3LmNvbG9yd2FuZC5za1wvd3AtY29udGVudFwvdXBsb2Fkc1wvMjAyNVwvMDNcLzJfSG9tZV9PbmxpbmVfVHJhaW5pbmctQ2xhc3Nlc18xLmpwZyIsInNsaWRlc2hvdyI6IjRjYTgwMzM2In0%3D\">\n\t\t\t\t\t<div class=\"e-gallery-image elementor-gallery-item__image\" data-thumbnail=\"https:\/\/www.colorwand.sk\/wp-content\/uploads\/2025\/03\/2_Home_Online_Training-Classes_1-281x300.jpg\" data-width=\"281\" data-height=\"300\" aria-label=\"\" role=\"img\" ><\/div>\n\t\t\t\t\t\t\t\t\t\t\t<div class=\"elementor-gallery-item__overlay\"><\/div>\n\t\t\t\t\t\t\t\t\t\t\t\t\t\t<\/a>\n\t\t\t\t\t\t\t<a class=\"e-gallery-item elementor-gallery-item elementor-animated-content\" href=\"https:\/\/www.colorwand.sk\/wp-content\/uploads\/2025\/03\/2_Home_Online_Training-Classes_2.jpg\" data-elementor-open-lightbox=\"yes\" data-elementor-lightbox-slideshow=\"4ca80336\" data-elementor-lightbox-title=\"2_Home_Online_Training-Classes_2.jpg\" data-e-action-hash=\"#elementor-action%3Aaction%3Dlightbox%26settings%3DeyJpZCI6MjE0LCJ1cmwiOiJodHRwczpcL1wvd3d3LmNvbG9yd2FuZC5za1wvd3AtY29udGVudFwvdXBsb2Fkc1wvMjAyNVwvMDNcLzJfSG9tZV9PbmxpbmVfVHJhaW5pbmctQ2xhc3Nlc18yLmpwZyIsInNsaWRlc2hvdyI6IjRjYTgwMzM2In0%3D\">\n\t\t\t\t\t<div class=\"e-gallery-image elementor-gallery-item__image\" data-thumbnail=\"https:\/\/www.colorwand.sk\/wp-content\/uploads\/2025\/03\/2_Home_Online_Training-Classes_2-281x300.jpg\" data-width=\"281\" data-height=\"300\" aria-label=\"\" role=\"img\" ><\/div>\n\t\t\t\t\t\t\t\t\t\t\t<div class=\"elementor-gallery-item__overlay\"><\/div>\n\t\t\t\t\t\t\t\t\t\t\t\t\t\t<\/a>\n\t\t\t\t\t\t\t<a class=\"e-gallery-item elementor-gallery-item elementor-animated-content\" href=\"https:\/\/www.colorwand.sk\/wp-content\/uploads\/2025\/03\/2_Home_Online_Training-Classes_3.jpg\" data-elementor-open-lightbox=\"yes\" data-elementor-lightbox-slideshow=\"4ca80336\" data-elementor-lightbox-title=\"2_Home_Online_Training-Classes_3.jpg\" data-e-action-hash=\"#elementor-action%3Aaction%3Dlightbox%26settings%3DeyJpZCI6MjE1LCJ1cmwiOiJodHRwczpcL1wvd3d3LmNvbG9yd2FuZC5za1wvd3AtY29udGVudFwvdXBsb2Fkc1wvMjAyNVwvMDNcLzJfSG9tZV9PbmxpbmVfVHJhaW5pbmctQ2xhc3Nlc18zLmpwZyIsInNsaWRlc2hvdyI6IjRjYTgwMzM2In0%3D\">\n\t\t\t\t\t<div class=\"e-gallery-image elementor-gallery-item__image\" data-thumbnail=\"https:\/\/www.colorwand.sk\/wp-content\/uploads\/2025\/03\/2_Home_Online_Training-Classes_3-281x300.jpg\" data-width=\"281\" data-height=\"300\" aria-label=\"\" role=\"img\" ><\/div>\n\t\t\t\t\t\t\t\t\t\t\t<div class=\"elementor-gallery-item__overlay\"><\/div>\n\t\t\t\t\t\t\t\t\t\t\t\t\t\t<\/a>\n\t\t\t\t\t<\/div>\n\t\t\t\t\t<\/div>\n\t\t\t\t<\/div>\n\t\t\t\t\t<\/div>\n\t\t\t\t<\/div>\n\t\t\t\t<\/div>\n\t\t","protected":false},"excerpt":{"rendered":"<p>grafick\u00fd dizajn Dajte svojej zna\u010dke \u017eivot a profesion\u00e1lny vzh\u013ead, ktor\u00fd zaujme. Vyu\u017eite na\u0161u grafiku a n\u00e1vrhy. Va\u0161a \u0161anca za\u010d\u00edna teraz! Na\u0161e slu\u017eby zah\u0155\u0148aj\u00fa grafick\u00e9 spracovanie loga, n\u00e1vrhy a vizualiz\u00e1ciu kone\u010dn\u00e9ho v\u00fdsledku. Na\u0161 grafik je pripraven\u00fd vytvori\u0165 pre v\u00e1s jedine\u010dn\u00fd a p\u00fatav\u00fd vizu\u00e1l, ktor\u00fd bude presne vyjadrova\u0165 hodnoty a charakteristiku va\u0161ej zna\u010dky.\u2028 graphic design Za\u010dnite svoju [&hellip;]<\/p>\n","protected":false},"author":1,"featured_media":0,"parent":0,"menu_order":0,"comment_status":"closed","ping_status":"closed","template":"","meta":{"footnotes":""},"class_list":["post-638","page","type-page","status-publish","hentry"],"_links":{"self":[{"href":"https:\/\/www.colorwand.sk\/index.php\/wp-json\/wp\/v2\/pages\/638","targetHints":{"allow":["GET"]}}],"collection":[{"href":"https:\/\/www.colorwand.sk\/index.php\/wp-json\/wp\/v2\/pages"}],"about":[{"href":"https:\/\/www.colorwand.sk\/index.php\/wp-json\/wp\/v2\/types\/page"}],"author":[{"embeddable":true,"href":"https:\/\/www.colorwand.sk\/index.php\/wp-json\/wp\/v2\/users\/1"}],"replies":[{"embeddable":true,"href":"https:\/\/www.colorwand.sk\/index.php\/wp-json\/wp\/v2\/comments?post=638"}],"version-history":[{"count":29,"href":"https:\/\/www.colorwand.sk\/index.php\/wp-json\/wp\/v2\/pages\/638\/revisions"}],"predecessor-version":[{"id":733,"href":"https:\/\/www.colorwand.sk\/index.php\/wp-json\/wp\/v2\/pages\/638\/revisions\/733"}],"wp:attachment":[{"href":"https:\/\/www.colorwand.sk\/index.php\/wp-json\/wp\/v2\/media?parent=638"}],"curies":[{"name":"wp","href":"https:\/\/api.w.org\/{rel}","templated":true}]}}