{"id":705,"date":"2025-04-24T14:36:17","date_gmt":"2025-04-24T12:36:17","guid":{"rendered":"https:\/\/www.colorwand.sk\/?page_id=705"},"modified":"2025-10-07T22:32:04","modified_gmt":"2025-10-07T20:32:04","slug":"digitalna-tlac","status":"publish","type":"page","link":"https:\/\/www.colorwand.sk\/index.php\/digitalna-tlac\/","title":{"rendered":"DIGIT\u00c1LNA TLA\u010c"},"content":{"rendered":"\t\t<div data-elementor-type=\"wp-page\" data-elementor-id=\"705\" class=\"elementor elementor-705\" data-elementor-settings=\"{&quot;ha_cmc_init_switcher&quot;:&quot;no&quot;}\" data-elementor-post-type=\"page\">\n\t\t\t\t<div data-particle_enable=\"false\" data-particle-mobile-disabled=\"false\" class=\"elementor-element elementor-element-73e39ea5 e-flex e-con-boxed e-con e-parent\" data-id=\"73e39ea5\" data-element_type=\"container\" data-e-type=\"container\" data-settings=\"{&quot;background_background&quot;:&quot;classic&quot;,&quot;_ha_eqh_enable&quot;:false}\">\n\t\t\t\t\t<div class=\"e-con-inner\">\n\t\t<div data-particle_enable=\"false\" data-particle-mobile-disabled=\"false\" class=\"elementor-element elementor-element-7d6ef505 e-con-full e-flex e-con e-child\" data-id=\"7d6ef505\" data-element_type=\"container\" data-e-type=\"container\" data-settings=\"{&quot;_ha_eqh_enable&quot;:false}\">\n\t\t\t\t<div class=\"elementor-element elementor-element-34e49014 elementor-widget elementor-widget-image\" data-id=\"34e49014\" data-element_type=\"widget\" data-e-type=\"widget\" data-widget_type=\"image.default\">\n\t\t\t\t<div class=\"elementor-widget-container\">\n\t\t\t\t\t\t\t\t\t\t\t\t\t\t\t<img fetchpriority=\"high\" decoding=\"async\" width=\"2560\" height=\"1969\" src=\"https:\/\/www.colorwand.sk\/wp-content\/uploads\/2025\/04\/FWEBPQ75-S3840-scaled.webp\" class=\"attachment-full size-full wp-image-707\" alt=\"\" srcset=\"https:\/\/www.colorwand.sk\/wp-content\/uploads\/2025\/04\/FWEBPQ75-S3840-scaled.webp 2560w, https:\/\/www.colorwand.sk\/wp-content\/uploads\/2025\/04\/FWEBPQ75-S3840-300x231.webp 300w, https:\/\/www.colorwand.sk\/wp-content\/uploads\/2025\/04\/FWEBPQ75-S3840-1024x787.webp 1024w, https:\/\/www.colorwand.sk\/wp-content\/uploads\/2025\/04\/FWEBPQ75-S3840-768x591.webp 768w, https:\/\/www.colorwand.sk\/wp-content\/uploads\/2025\/04\/FWEBPQ75-S3840-1536x1181.webp 1536w, https:\/\/www.colorwand.sk\/wp-content\/uploads\/2025\/04\/FWEBPQ75-S3840-2048x1575.webp 2048w\" sizes=\"(max-width: 2560px) 100vw, 2560px\" \/>\t\t\t\t\t\t\t\t\t\t\t\t\t\t\t<\/div>\n\t\t\t\t<\/div>\n\t\t\t\t<\/div>\n\t\t<div data-particle_enable=\"false\" data-particle-mobile-disabled=\"false\" class=\"elementor-element elementor-element-55d5f345 e-con-full e-flex e-con e-child\" data-id=\"55d5f345\" data-element_type=\"container\" data-e-type=\"container\" data-settings=\"{&quot;_ha_eqh_enable&quot;:false}\">\n\t\t\t\t<div class=\"elementor-element elementor-element-29c75ca0 elementor-widget elementor-widget-heading\" data-id=\"29c75ca0\" data-element_type=\"widget\" data-e-type=\"widget\" data-widget_type=\"heading.default\">\n\t\t\t\t<div class=\"elementor-widget-container\">\n\t\t\t\t\t<h2 class=\"elementor-heading-title elementor-size-default\">digit\u00e1lna tla\u010d<\/h2>\t\t\t\t<\/div>\n\t\t\t\t<\/div>\n\t\t\t\t<div class=\"elementor-element elementor-element-23b14323 elementor-widget__width-initial elementor-widget elementor-widget-heading\" data-id=\"23b14323\" data-element_type=\"widget\" data-e-type=\"widget\" data-widget_type=\"heading.default\">\n\t\t\t\t<div class=\"elementor-widget-container\">\n\t\t\t\t\t<h2 class=\"elementor-heading-title elementor-size-default\">\u25cf Vizitky <br>\n\u25cf Let\u00e1ky<br>\n\u25cf Dar\u010dekov\u00e9 poukazy<br>\n\u25cf Svadobn\u00e9 ozn\u00e1menia<br>\n\u25cf Bro\u017e\u00fary<br>\n\u25cf Katal\u00f3gy<br>\n\u25cf Plag\u00e1ty<\/h2>\t\t\t\t<\/div>\n\t\t\t\t<\/div>\n\t\t\t\t<\/div>\n\t\t\t\t\t<\/div>\n\t\t\t\t<\/div>\n\t\t<div data-particle_enable=\"false\" data-particle-mobile-disabled=\"false\" class=\"elementor-element elementor-element-7ce648c0 e-flex e-con-boxed e-con e-parent\" data-id=\"7ce648c0\" data-element_type=\"container\" data-e-type=\"container\" data-settings=\"{&quot;background_background&quot;:&quot;classic&quot;,&quot;_ha_eqh_enable&quot;:false}\">\n\t\t\t\t\t<div class=\"e-con-inner\">\n\t\t<div data-particle_enable=\"false\" data-particle-mobile-disabled=\"false\" class=\"elementor-element elementor-element-13603830 e-con-full e-flex e-con e-child\" data-id=\"13603830\" data-element_type=\"container\" data-e-type=\"container\" data-settings=\"{&quot;_ha_eqh_enable&quot;:false}\">\n\t\t\t\t<div class=\"elementor-element elementor-element-cd32cbc elementor-widget__width-initial elementor-widget elementor-widget-heading\" data-id=\"cd32cbc\" data-element_type=\"widget\" data-e-type=\"widget\" data-widget_type=\"heading.default\">\n\t\t\t\t<div class=\"elementor-widget-container\">\n\t\t\t\t\t<h2 class=\"elementor-heading-title elementor-size-default\">\u25cf Banery <br>\n\u25cf Roll upy <br>\n\u25cf Tapety <br>\n\u25cf Obrazy <br>\n\u25cf F\u00f3lie <br>\n\u25cf N\u00e1lepky <br>\n\u25cf Potla\u010d auta <br>\n\u25cf Okenn\u00e1 grafika <br><\/h2>\t\t\t\t<\/div>\n\t\t\t\t<\/div>\n\t\t\t\t<\/div>\n\t\t<div data-particle_enable=\"false\" data-particle-mobile-disabled=\"false\" class=\"elementor-element elementor-element-5c1a6fcc e-con-full e-flex e-con e-child\" data-id=\"5c1a6fcc\" data-element_type=\"container\" data-e-type=\"container\" data-settings=\"{&quot;_ha_eqh_enable&quot;:false}\">\n\t\t\t\t<div class=\"elementor-element elementor-element-3431bcc0 elementor-widget elementor-widget-image\" data-id=\"3431bcc0\" data-element_type=\"widget\" data-e-type=\"widget\" data-widget_type=\"image.default\">\n\t\t\t\t<div class=\"elementor-widget-container\">\n\t\t\t\t\t\t\t\t\t\t\t\t\t\t\t<img decoding=\"async\" width=\"800\" height=\"514\" src=\"https:\/\/www.colorwand.sk\/wp-content\/uploads\/2025\/04\/printer-1024x658.png\" class=\"attachment-large size-large wp-image-735\" alt=\"\" srcset=\"https:\/\/www.colorwand.sk\/wp-content\/uploads\/2025\/04\/printer-1024x658.png 1024w, https:\/\/www.colorwand.sk\/wp-content\/uploads\/2025\/04\/printer-300x193.png 300w, https:\/\/www.colorwand.sk\/wp-content\/uploads\/2025\/04\/printer-768x493.png 768w, https:\/\/www.colorwand.sk\/wp-content\/uploads\/2025\/04\/printer-1536x986.png 1536w, https:\/\/www.colorwand.sk\/wp-content\/uploads\/2025\/04\/printer-2048x1315.png 2048w\" sizes=\"(max-width: 800px) 100vw, 800px\" \/>\t\t\t\t\t\t\t\t\t\t\t\t\t\t\t<\/div>\n\t\t\t\t<\/div>\n\t\t\t\t<\/div>\n\t\t\t\t\t<\/div>\n\t\t\t\t<\/div>\n\t\t<div data-particle_enable=\"false\" data-particle-mobile-disabled=\"false\" class=\"elementor-element elementor-element-6e14ee98 e-flex e-con-boxed e-con e-parent\" data-id=\"6e14ee98\" data-element_type=\"container\" data-e-type=\"container\" data-settings=\"{&quot;background_background&quot;:&quot;classic&quot;,&quot;_ha_eqh_enable&quot;:false}\">\n\t\t\t\t\t<div class=\"e-con-inner\">\n\t\t<div data-particle_enable=\"false\" data-particle-mobile-disabled=\"false\" class=\"elementor-element elementor-element-37a4ad43 e-con-full e-flex e-con e-child\" data-id=\"37a4ad43\" data-element_type=\"container\" data-e-type=\"container\" data-settings=\"{&quot;_ha_eqh_enable&quot;:false}\">\n\t\t\t\t<div class=\"elementor-element elementor-element-246de986 elementor-widget elementor-widget-heading\" data-id=\"246de986\" data-element_type=\"widget\" data-e-type=\"widget\" data-widget_type=\"heading.default\">\n\t\t\t\t<div class=\"elementor-widget-container\">\n\t\t\t\t\t<h2 class=\"elementor-heading-title elementor-size-default\">gal\u00e9ria<\/h2>\t\t\t\t<\/div>\n\t\t\t\t<\/div>\n\t\t\t\t<\/div>\n\t\t<div data-particle_enable=\"false\" data-particle-mobile-disabled=\"false\" class=\"elementor-element elementor-element-4386da84 e-con-full e-flex e-con e-child\" data-id=\"4386da84\" data-element_type=\"container\" data-e-type=\"container\" data-settings=\"{&quot;_ha_eqh_enable&quot;:false}\">\n\t\t\t\t<\/div>\n\t\t\t\t<div class=\"elementor-element elementor-element-24761a25 elementor-widget elementor-widget-gallery\" data-id=\"24761a25\" data-element_type=\"widget\" data-e-type=\"widget\" data-settings=\"{&quot;columns&quot;:3,&quot;gap&quot;:{&quot;unit&quot;:&quot;px&quot;,&quot;size&quot;:7,&quot;sizes&quot;:[]},&quot;lazyload&quot;:&quot;yes&quot;,&quot;gallery_layout&quot;:&quot;grid&quot;,&quot;columns_tablet&quot;:2,&quot;columns_mobile&quot;:1,&quot;gap_tablet&quot;:{&quot;unit&quot;:&quot;px&quot;,&quot;size&quot;:10,&quot;sizes&quot;:[]},&quot;gap_mobile&quot;:{&quot;unit&quot;:&quot;px&quot;,&quot;size&quot;:10,&quot;sizes&quot;:[]},&quot;link_to&quot;:&quot;file&quot;,&quot;aspect_ratio&quot;:&quot;3:2&quot;,&quot;overlay_background&quot;:&quot;yes&quot;,&quot;content_hover_animation&quot;:&quot;fade-in&quot;}\" data-widget_type=\"gallery.default\">\n\t\t\t\t<div class=\"elementor-widget-container\">\n\t\t\t\t\t\t\t<div class=\"elementor-gallery__container\">\n\t\t\t\t\t\t\t<a class=\"e-gallery-item elementor-gallery-item elementor-animated-content\" href=\"https:\/\/www.colorwand.sk\/wp-content\/uploads\/2025\/10\/IMG_2537-scaled.jpg\" data-elementor-open-lightbox=\"yes\" data-elementor-lightbox-slideshow=\"24761a25\" data-elementor-lightbox-title=\"Ve\u013ekoform\u00e1tov\u00e1 tla\u010d - Colorwand\" data-e-action-hash=\"#elementor-action%3Aaction%3Dlightbox%26settings%3DeyJpZCI6ODEyLCJ1cmwiOiJodHRwczpcL1wvd3d3LmNvbG9yd2FuZC5za1wvd3AtY29udGVudFwvdXBsb2Fkc1wvMjAyNVwvMTBcL0lNR18yNTM3LXNjYWxlZC5qcGciLCJzbGlkZXNob3ciOiIyNDc2MWEyNSJ9\">\n\t\t\t\t\t<div class=\"e-gallery-image elementor-gallery-item__image\" data-thumbnail=\"https:\/\/www.colorwand.sk\/wp-content\/uploads\/2025\/10\/IMG_2537-169x300.jpg\" data-width=\"169\" data-height=\"300\" aria-label=\"\" role=\"img\" ><\/div>\n\t\t\t\t\t\t\t\t\t\t\t<div class=\"elementor-gallery-item__overlay\"><\/div>\n\t\t\t\t\t\t\t\t\t\t\t\t\t\t<\/a>\n\t\t\t\t\t\t\t<a class=\"e-gallery-item elementor-gallery-item elementor-animated-content\" href=\"https:\/\/www.colorwand.sk\/wp-content\/uploads\/2025\/10\/IMG_2396-scaled.jpg\" data-elementor-open-lightbox=\"yes\" data-elementor-lightbox-slideshow=\"24761a25\" data-elementor-lightbox-title=\"Etikety pre obce - Colorwand\" data-e-action-hash=\"#elementor-action%3Aaction%3Dlightbox%26settings%3DeyJpZCI6ODEwLCJ1cmwiOiJodHRwczpcL1wvd3d3LmNvbG9yd2FuZC5za1wvd3AtY29udGVudFwvdXBsb2Fkc1wvMjAyNVwvMTBcL0lNR18yMzk2LXNjYWxlZC5qcGciLCJzbGlkZXNob3ciOiIyNDc2MWEyNSJ9\">\n\t\t\t\t\t<div class=\"e-gallery-image elementor-gallery-item__image\" data-thumbnail=\"https:\/\/www.colorwand.sk\/wp-content\/uploads\/2025\/10\/IMG_2396-300x169.jpg\" data-width=\"300\" data-height=\"169\" aria-label=\"\" role=\"img\" ><\/div>\n\t\t\t\t\t\t\t\t\t\t\t<div class=\"elementor-gallery-item__overlay\"><\/div>\n\t\t\t\t\t\t\t\t\t\t\t\t\t\t<\/a>\n\t\t\t\t\t\t\t<a class=\"e-gallery-item elementor-gallery-item elementor-animated-content\" href=\"https:\/\/www.colorwand.sk\/wp-content\/uploads\/2025\/10\/IMG_0427-scaled.jpg\" data-elementor-open-lightbox=\"yes\" data-elementor-lightbox-slideshow=\"24761a25\" data-elementor-lightbox-title=\"Digit\u00e1lna tla\u010d - Colorwand\" data-e-action-hash=\"#elementor-action%3Aaction%3Dlightbox%26settings%3DeyJpZCI6ODA5LCJ1cmwiOiJodHRwczpcL1wvd3d3LmNvbG9yd2FuZC5za1wvd3AtY29udGVudFwvdXBsb2Fkc1wvMjAyNVwvMTBcL0lNR18wNDI3LXNjYWxlZC5qcGciLCJzbGlkZXNob3ciOiIyNDc2MWEyNSJ9\">\n\t\t\t\t\t<div class=\"e-gallery-image elementor-gallery-item__image\" data-thumbnail=\"https:\/\/www.colorwand.sk\/wp-content\/uploads\/2025\/10\/IMG_0427-300x169.jpg\" data-width=\"300\" data-height=\"169\" aria-label=\"\" role=\"img\" ><\/div>\n\t\t\t\t\t\t\t\t\t\t\t<div class=\"elementor-gallery-item__overlay\"><\/div>\n\t\t\t\t\t\t\t\t\t\t\t\t\t\t<\/a>\n\t\t\t\t\t\t\t<a class=\"e-gallery-item elementor-gallery-item elementor-animated-content\" href=\"https:\/\/www.colorwand.sk\/wp-content\/uploads\/2025\/10\/IMG_2410-scaled.jpg\" data-elementor-open-lightbox=\"yes\" data-elementor-lightbox-slideshow=\"24761a25\" data-elementor-lightbox-title=\"N\u00e1lepky pre obec - Colorwand\" data-e-action-hash=\"#elementor-action%3Aaction%3Dlightbox%26settings%3DeyJpZCI6ODExLCJ1cmwiOiJodHRwczpcL1wvd3d3LmNvbG9yd2FuZC5za1wvd3AtY29udGVudFwvdXBsb2Fkc1wvMjAyNVwvMTBcL0lNR18yNDEwLXNjYWxlZC5qcGciLCJzbGlkZXNob3ciOiIyNDc2MWEyNSJ9\">\n\t\t\t\t\t<div class=\"e-gallery-image elementor-gallery-item__image\" data-thumbnail=\"https:\/\/www.colorwand.sk\/wp-content\/uploads\/2025\/10\/IMG_2410-169x300.jpg\" data-width=\"169\" data-height=\"300\" aria-label=\"\" role=\"img\" ><\/div>\n\t\t\t\t\t\t\t\t\t\t\t<div class=\"elementor-gallery-item__overlay\"><\/div>\n\t\t\t\t\t\t\t\t\t\t\t\t\t\t<\/a>\n\t\t\t\t\t<\/div>\n\t\t\t\t\t<\/div>\n\t\t\t\t<\/div>\n\t\t\t\t\t<\/div>\n\t\t\t\t<\/div>\n\t\t\t\t<\/div>\n\t\t","protected":false},"excerpt":{"rendered":"<p>digit\u00e1lna tla\u010d \u25cf Vizitky \u25cf Let\u00e1ky \u25cf Dar\u010dekov\u00e9 poukazy \u25cf Svadobn\u00e9 ozn\u00e1menia \u25cf Bro\u017e\u00fary \u25cf Katal\u00f3gy \u25cf Plag\u00e1ty \u25cf Banery \u25cf Roll upy \u25cf Tapety \u25cf Obrazy \u25cf F\u00f3lie \u25cf N\u00e1lepky \u25cf Potla\u010d auta \u25cf Okenn\u00e1 grafika gal\u00e9ria<\/p>\n","protected":false},"author":1,"featured_media":0,"parent":0,"menu_order":0,"comment_status":"closed","ping_status":"closed","template":"","meta":{"footnotes":""},"class_list":["post-705","page","type-page","status-publish","hentry"],"_links":{"self":[{"href":"https:\/\/www.colorwand.sk\/index.php\/wp-json\/wp\/v2\/pages\/705","targetHints":{"allow":["GET"]}}],"collection":[{"href":"https:\/\/www.colorwand.sk\/index.php\/wp-json\/wp\/v2\/pages"}],"about":[{"href":"https:\/\/www.colorwand.sk\/index.php\/wp-json\/wp\/v2\/types\/page"}],"author":[{"embeddable":true,"href":"https:\/\/www.colorwand.sk\/index.php\/wp-json\/wp\/v2\/users\/1"}],"replies":[{"embeddable":true,"href":"https:\/\/www.colorwand.sk\/index.php\/wp-json\/wp\/v2\/comments?post=705"}],"version-history":[{"count":41,"href":"https:\/\/www.colorwand.sk\/index.php\/wp-json\/wp\/v2\/pages\/705\/revisions"}],"predecessor-version":[{"id":818,"href":"https:\/\/www.colorwand.sk\/index.php\/wp-json\/wp\/v2\/pages\/705\/revisions\/818"}],"wp:attachment":[{"href":"https:\/\/www.colorwand.sk\/index.php\/wp-json\/wp\/v2\/media?parent=705"}],"curies":[{"name":"wp","href":"https:\/\/api.w.org\/{rel}","templated":true}]}}